{"id":65,"date":"2025-03-20T15:47:54","date_gmt":"2025-03-20T15:47:54","guid":{"rendered":"https:\/\/carniceriamacoca.rkinformatika.online\/?page_id=65"},"modified":"2025-03-24T08:07:36","modified_gmt":"2025-03-24T08:07:36","slug":"productos","status":"publish","type":"page","link":"https:\/\/carniceriamacoca.com\/en\/productos\/","title":{"rendered":"Products"},"content":{"rendered":"<div data-elementor-type=\"wp-post\" data-elementor-id=\"65\" class=\"elementor elementor-65\" data-elementor-post-type=\"page\">\n\t\t\t\t\t\t<section class=\"elementor-section elementor-top-section elementor-element elementor-element-4142a9df elementor-section-height-min-height elementor-section-boxed elementor-section-height-default elementor-section-items-middle\" data-id=\"4142a9df\" data-element_type=\"section\" data-settings=\"{&quot;background_background&quot;:&quot;classic&quot;}\">\n\t\t\t\t\t\t\t<div class=\"elementor-background-overlay\"><\/div>\n\t\t\t\t\t\t\t<div class=\"elementor-container elementor-column-gap-default\">\n\t\t\t\t\t<div class=\"elementor-column elementor-col-100 elementor-top-column elementor-element elementor-element-1a1bfd21\" data-id=\"1a1bfd21\" data-element_type=\"column\">\n\t\t\t<div class=\"elementor-widget-wrap elementor-element-populated\">\n\t\t\t\t\t\t<div class=\"elementor-element elementor-element-3505811e elementor-invisible elementor-widget elementor-widget-heading\" data-id=\"3505811e\" data-element_type=\"widget\" data-settings=\"{&quot;_animation&quot;:&quot;swing&quot;}\" data-widget_type=\"heading.default\">\n\t\t\t\t<div class=\"elementor-widget-container\">\n\t\t\t\t\t<h2 class=\"elementor-heading-title elementor-size-default\">Products<\/h2>\t\t\t\t<\/div>\n\t\t\t\t<\/div>\n\t\t\t\t\t<\/div>\n\t\t<\/div>\n\t\t\t\t\t<\/div>\n\t\t<\/section>\n\t\t<div class=\"elementor-element elementor-element-2bafcb1 e-flex e-con-boxed e-con e-parent\" data-id=\"2bafcb1\" data-element_type=\"container\">\n\t\t\t\t\t<div class=\"e-con-inner\">\n\t\t<div class=\"elementor-element elementor-element-2e1600b e-con-full e-flex elementor-invisible e-con e-child\" data-id=\"2e1600b\" data-element_type=\"container\" data-settings=\"{&quot;background_background&quot;:&quot;classic&quot;,&quot;animation&quot;:&quot;fadeInLeft&quot;}\">\n\t\t\t\t<div class=\"elementor-element elementor-element-215794f elementor-widget elementor-widget-image\" data-id=\"215794f\" data-element_type=\"widget\" data-widget_type=\"image.default\">\n\t\t\t\t<div class=\"elementor-widget-container\">\n\t\t\t\t\t\t\t\t\t\t\t\t\t\t\t<img decoding=\"async\" src=\"https:\/\/carniceriamacoca.com\/wp-content\/uploads\/elementor\/thumbs\/5908-r371uijx5k4dufk87704bfko47bnci9w8mbyw690ag.jpg\" title=\"5908\" alt=\"5908\" loading=\"lazy\" \/>\t\t\t\t\t\t\t\t\t\t\t\t\t\t\t<\/div>\n\t\t\t\t<\/div>\n\t\t\t\t<div class=\"elementor-element elementor-element-eb6e27c elementor-widget elementor-widget-heading\" data-id=\"eb6e27c\" data-element_type=\"widget\" data-widget_type=\"heading.default\">\n\t\t\t\t<div class=\"elementor-widget-container\">\n\t\t\t\t\t<h2 class=\"elementor-heading-title elementor-size-default\">Embutidos Artesanos<\/h2>\t\t\t\t<\/div>\n\t\t\t\t<\/div>\n\t\t\t\t<div class=\"elementor-element elementor-element-a5f8a4d elementor-widget elementor-widget-text-editor\" data-id=\"a5f8a4d\" data-element_type=\"widget\" data-widget_type=\"text-editor.default\">\n\t\t\t\t<div class=\"elementor-widget-container\">\n\t\t\t\t\t\t\t\t\t<p>Elaboramos nuestros embutidos de forma artesanal, siguiendo recetas tradicionales que garantizan un sabor aut\u00e9ntico e inigualable. Desde un chorizo casero lleno de matices, hasta una morcilla elaborada con ingredientes naturales, cada pieza es trabajada con esmero para ofrecerte calidad y frescura en cada mordisco.<\/p>\t\t\t\t\t\t\t\t<\/div>\n\t\t\t\t<\/div>\n\t\t\t\t<div class=\"elementor-element elementor-element-f3976b7 elementor-align-left elementor-mobile-align-justify elementor-widget elementor-widget-button\" data-id=\"f3976b7\" data-element_type=\"widget\" data-widget_type=\"button.default\">\n\t\t\t\t<div class=\"elementor-widget-container\">\n\t\t\t\t\t\t\t\t\t<div class=\"elementor-button-wrapper\">\n\t\t\t\t\t<a class=\"elementor-button elementor-button-link elementor-size-md\" href=\"https:\/\/carniceriamacoca.com\/en\/embutidos-artesanos\/\">\n\t\t\t\t\t\t<span class=\"elementor-button-content-wrapper\">\n\t\t\t\t\t\t\t\t\t<span class=\"elementor-button-text\">Leer MAS<\/span>\n\t\t\t\t\t<\/span>\n\t\t\t\t\t<\/a>\n\t\t\t\t<\/div>\n\t\t\t\t\t\t\t\t<\/div>\n\t\t\t\t<\/div>\n\t\t\t\t<\/div>\n\t\t<div class=\"elementor-element elementor-element-79de5df e-con-full e-flex elementor-invisible e-con e-child\" data-id=\"79de5df\" data-element_type=\"container\" data-settings=\"{&quot;background_background&quot;:&quot;classic&quot;,&quot;animation&quot;:&quot;zoomInUp&quot;}\">\n\t\t\t\t<div class=\"elementor-element elementor-element-428f92e elementor-widget elementor-widget-image\" data-id=\"428f92e\" data-element_type=\"widget\" data-widget_type=\"image.default\">\n\t\t\t\t<div class=\"elementor-widget-container\">\n\t\t\t\t\t\t\t\t\t\t\t\t\t\t\t<img decoding=\"async\" src=\"https:\/\/carniceriamacoca.com\/wp-content\/uploads\/elementor\/thumbs\/22738202-r37270sm378qbne863mezrygnrogrixbmitjrppfi0.jpg\" title=\"22738202\" alt=\"22738202\" loading=\"lazy\" \/>\t\t\t\t\t\t\t\t\t\t\t\t\t\t\t<\/div>\n\t\t\t\t<\/div>\n\t\t\t\t<div class=\"elementor-element elementor-element-2d1d4a2 elementor-widget elementor-widget-heading\" data-id=\"2d1d4a2\" data-element_type=\"widget\" data-widget_type=\"heading.default\">\n\t\t\t\t<div class=\"elementor-widget-container\">\n\t\t\t\t\t<h2 class=\"elementor-heading-title elementor-size-default\"> Cerdo Ib\u00e9rico<\/h2>\t\t\t\t<\/div>\n\t\t\t\t<\/div>\n\t\t\t\t<div class=\"elementor-element elementor-element-29b7f48 elementor-widget elementor-widget-text-editor\" data-id=\"29b7f48\" data-element_type=\"widget\" data-widget_type=\"text-editor.default\">\n\t\t\t\t<div class=\"elementor-widget-container\">\n\t\t\t\t\t\t\t\t\t<p data-start=\"65\" data-end=\"357\">Ofrecemos cerdo ib\u00e9rico de la m\u00e1s alta calidad, cuidadosamente seleccionado para brindarte el mejor sabor y una textura inigualable. Nuestro cerdo ib\u00e9rico es criado de manera tradicional, respetando los procesos naturales que garantizan su jugosidad y ternura.<\/p>\t\t\t\t\t\t\t\t<\/div>\n\t\t\t\t<\/div>\n\t\t\t\t<div class=\"elementor-element elementor-element-4cb77e9 elementor-align-left elementor-mobile-align-justify elementor-widget elementor-widget-button\" data-id=\"4cb77e9\" data-element_type=\"widget\" data-widget_type=\"button.default\">\n\t\t\t\t<div class=\"elementor-widget-container\">\n\t\t\t\t\t\t\t\t\t<div class=\"elementor-button-wrapper\">\n\t\t\t\t\t<a class=\"elementor-button elementor-button-link elementor-size-md\" href=\"https:\/\/carniceriamacoca.com\/en\/cerdo-iberico\/\">\n\t\t\t\t\t\t<span class=\"elementor-button-content-wrapper\">\n\t\t\t\t\t\t\t\t\t<span class=\"elementor-button-text\">Leer MAS<\/span>\n\t\t\t\t\t<\/span>\n\t\t\t\t\t<\/a>\n\t\t\t\t<\/div>\n\t\t\t\t\t\t\t\t<\/div>\n\t\t\t\t<\/div>\n\t\t\t\t<\/div>\n\t\t<div class=\"elementor-element elementor-element-45b06a2 e-con-full e-flex elementor-invisible e-con e-child\" data-id=\"45b06a2\" data-element_type=\"container\" data-settings=\"{&quot;background_background&quot;:&quot;classic&quot;,&quot;animation&quot;:&quot;fadeInRight&quot;}\">\n\t\t\t\t<div class=\"elementor-element elementor-element-b6d2cdd elementor-widget elementor-widget-image\" data-id=\"b6d2cdd\" data-element_type=\"widget\" data-widget_type=\"image.default\">\n\t\t\t\t<div class=\"elementor-widget-container\">\n\t\t\t\t\t\t\t\t\t\t\t\t\t\t\t<img decoding=\"async\" src=\"https:\/\/carniceriamacoca.com\/wp-content\/uploads\/elementor\/thumbs\/8035246-r3728fjwc967qlchxpk9qf5cqkqab6itti1ronm660.jpg\" title=\"8035246\" alt=\"8035246\" loading=\"lazy\" \/>\t\t\t\t\t\t\t\t\t\t\t\t\t\t\t<\/div>\n\t\t\t\t<\/div>\n\t\t\t\t<div class=\"elementor-element elementor-element-69819d3 elementor-widget elementor-widget-heading\" data-id=\"69819d3\" data-element_type=\"widget\" data-widget_type=\"heading.default\">\n\t\t\t\t<div class=\"elementor-widget-container\">\n\t\t\t\t\t<h2 class=\"elementor-heading-title elementor-size-default\">Ternera Artesanal<\/h2>\t\t\t\t<\/div>\n\t\t\t\t<\/div>\n\t\t\t\t<div class=\"elementor-element elementor-element-0b61cba elementor-widget elementor-widget-text-editor\" data-id=\"0b61cba\" data-element_type=\"widget\" data-widget_type=\"text-editor.default\">\n\t\t\t\t<div class=\"elementor-widget-container\">\n\t\t\t\t\t\t\t\t\t<p>En Carnicer\u00eda Macoca, trabajamos con ternera de calidad superior, seleccionada cuidadosamente para ofrecerte los cortes m\u00e1s tiernos y jugosos. Nuestra carne es fresca, sin aditivos ni conservantes, respetando los procesos artesanales para mantener su sabor aut\u00e9ntico.<\/p>\t\t\t\t\t\t\t\t<\/div>\n\t\t\t\t<\/div>\n\t\t\t\t<div class=\"elementor-element elementor-element-17f652e elementor-align-left elementor-mobile-align-justify elementor-widget elementor-widget-button\" data-id=\"17f652e\" data-element_type=\"widget\" data-widget_type=\"button.default\">\n\t\t\t\t<div class=\"elementor-widget-container\">\n\t\t\t\t\t\t\t\t\t<div class=\"elementor-button-wrapper\">\n\t\t\t\t\t<a class=\"elementor-button elementor-button-link elementor-size-md\" href=\"https:\/\/carniceriamacoca.com\/en\/ternera-artesanal\/\">\n\t\t\t\t\t\t<span class=\"elementor-button-content-wrapper\">\n\t\t\t\t\t\t\t\t\t<span class=\"elementor-button-text\">Leer MAS<\/span>\n\t\t\t\t\t<\/span>\n\t\t\t\t\t<\/a>\n\t\t\t\t<\/div>\n\t\t\t\t\t\t\t\t<\/div>\n\t\t\t\t<\/div>\n\t\t\t\t<\/div>\n\t\t<div class=\"elementor-element elementor-element-df35269 e-con-full e-flex elementor-invisible e-con e-child\" data-id=\"df35269\" data-element_type=\"container\" data-settings=\"{&quot;background_background&quot;:&quot;classic&quot;,&quot;animation&quot;:&quot;fadeInLeft&quot;}\">\n\t\t\t\t<div class=\"elementor-element elementor-element-24f94e4 elementor-widget elementor-widget-image\" data-id=\"24f94e4\" data-element_type=\"widget\" data-widget_type=\"image.default\">\n\t\t\t\t<div class=\"elementor-widget-container\">\n\t\t\t\t\t\t\t\t\t\t\t\t\t\t\t<img decoding=\"async\" src=\"https:\/\/carniceriamacoca.com\/wp-content\/uploads\/elementor\/thumbs\/13456-r37293zp9y3o4gczz04kj8zc6ldtvb7ukv0e5ulxo8.jpg\" title=\"13456\" alt=\"13456\" loading=\"lazy\" \/>\t\t\t\t\t\t\t\t\t\t\t\t\t\t\t<\/div>\n\t\t\t\t<\/div>\n\t\t\t\t<div class=\"elementor-element elementor-element-5be9f34 elementor-widget elementor-widget-heading\" data-id=\"5be9f34\" data-element_type=\"widget\" data-widget_type=\"heading.default\">\n\t\t\t\t<div class=\"elementor-widget-container\">\n\t\t\t\t\t<h2 class=\"elementor-heading-title elementor-size-default\">Aves Frescas<\/h2>\t\t\t\t<\/div>\n\t\t\t\t<\/div>\n\t\t\t\t<div class=\"elementor-element elementor-element-249ef8b elementor-widget elementor-widget-text-editor\" data-id=\"249ef8b\" data-element_type=\"widget\" data-widget_type=\"text-editor.default\">\n\t\t\t\t<div class=\"elementor-widget-container\">\n\t\t\t\t\t\t\t\t\t<p data-start=\"73\" data-end=\"369\">Ofrecemos aves frescas de primera calidad, seleccionadas cuidadosamente para garantizar sabor, jugosidad y una textura perfecta en cada preparaci\u00f3n. Trabajamos de manera artesanal, respetando los procesos naturales para brindarte un producto aut\u00e9ntico y saludable.<\/p>\t\t\t\t\t\t\t\t<\/div>\n\t\t\t\t<\/div>\n\t\t\t\t<div class=\"elementor-element elementor-element-4613667 elementor-align-left elementor-mobile-align-justify elementor-widget elementor-widget-button\" data-id=\"4613667\" data-element_type=\"widget\" data-widget_type=\"button.default\">\n\t\t\t\t<div class=\"elementor-widget-container\">\n\t\t\t\t\t\t\t\t\t<div class=\"elementor-button-wrapper\">\n\t\t\t\t\t<a class=\"elementor-button elementor-button-link elementor-size-md\" href=\"https:\/\/carniceriamacoca.com\/en\/aves-frescas\/\">\n\t\t\t\t\t\t<span class=\"elementor-button-content-wrapper\">\n\t\t\t\t\t\t\t\t\t<span class=\"elementor-button-text\">Leer MAS<\/span>\n\t\t\t\t\t<\/span>\n\t\t\t\t\t<\/a>\n\t\t\t\t<\/div>\n\t\t\t\t\t\t\t\t<\/div>\n\t\t\t\t<\/div>\n\t\t\t\t<\/div>\n\t\t<div class=\"elementor-element elementor-element-dc1a4e1 e-con-full e-flex elementor-invisible e-con e-child\" data-id=\"dc1a4e1\" data-element_type=\"container\" data-settings=\"{&quot;background_background&quot;:&quot;classic&quot;,&quot;animation&quot;:&quot;zoomInRight&quot;}\">\n\t\t\t\t<div class=\"elementor-element elementor-element-9ba6d1a elementor-widget elementor-widget-image\" data-id=\"9ba6d1a\" data-element_type=\"widget\" data-widget_type=\"image.default\">\n\t\t\t\t<div class=\"elementor-widget-container\">\n\t\t\t\t\t\t\t\t\t\t\t\t\t\t\t<img decoding=\"async\" src=\"https:\/\/carniceriamacoca.com\/wp-content\/uploads\/elementor\/thumbs\/95-r3729x4p5t7k4d6o8uq06jmmlje7hxfj0v8g1feqbc.jpg\" title=\"95\" alt=\"95\" loading=\"lazy\" \/>\t\t\t\t\t\t\t\t\t\t\t\t\t\t\t<\/div>\n\t\t\t\t<\/div>\n\t\t\t\t<div class=\"elementor-element elementor-element-61264c4 elementor-widget elementor-widget-heading\" data-id=\"61264c4\" data-element_type=\"widget\" data-widget_type=\"heading.default\">\n\t\t\t\t<div class=\"elementor-widget-container\">\n\t\t\t\t\t<h2 class=\"elementor-heading-title elementor-size-default\">Burgers \n<\/h2>\t\t\t\t<\/div>\n\t\t\t\t<\/div>\n\t\t\t\t<div class=\"elementor-element elementor-element-189701c elementor-widget elementor-widget-text-editor\" data-id=\"189701c\" data-element_type=\"widget\" data-widget_type=\"text-editor.default\">\n\t\t\t\t<div class=\"elementor-widget-container\">\n\t\t\t\t\t\t\t\t\t<p data-start=\"65\" data-end=\"302\">Nuestras hamburguesas son 100% artesanales, elaboradas con carne fresca y de la mejor calidad. Sin aditivos innecesarios ni conservantes, solo ingredientes naturales que garantizan un sabor aut\u00e9ntico y jugoso.<\/p>\t\t\t\t\t\t\t\t<\/div>\n\t\t\t\t<\/div>\n\t\t\t\t<div class=\"elementor-element elementor-element-858d15f elementor-align-left elementor-mobile-align-justify elementor-widget elementor-widget-button\" data-id=\"858d15f\" data-element_type=\"widget\" data-widget_type=\"button.default\">\n\t\t\t\t<div class=\"elementor-widget-container\">\n\t\t\t\t\t\t\t\t\t<div class=\"elementor-button-wrapper\">\n\t\t\t\t\t<a class=\"elementor-button elementor-button-link elementor-size-md\" href=\"https:\/\/carniceriamacoca.com\/en\/hamburguesas\/\">\n\t\t\t\t\t\t<span class=\"elementor-button-content-wrapper\">\n\t\t\t\t\t\t\t\t\t<span class=\"elementor-button-text\">Leer MAS<\/span>\n\t\t\t\t\t<\/span>\n\t\t\t\t\t<\/a>\n\t\t\t\t<\/div>\n\t\t\t\t\t\t\t\t<\/div>\n\t\t\t\t<\/div>\n\t\t\t\t<\/div>\n\t\t<div class=\"elementor-element elementor-element-91d3b0e e-con-full e-flex elementor-invisible e-con e-child\" data-id=\"91d3b0e\" data-element_type=\"container\" data-settings=\"{&quot;background_background&quot;:&quot;classic&quot;,&quot;animation&quot;:&quot;fadeInRight&quot;}\">\n\t\t\t\t<div class=\"elementor-element elementor-element-b553108 elementor-widget elementor-widget-image\" data-id=\"b553108\" data-element_type=\"widget\" data-widget_type=\"image.default\">\n\t\t\t\t<div class=\"elementor-widget-container\">\n\t\t\t\t\t\t\t\t\t\t\t\t\t\t\t<img decoding=\"async\" src=\"https:\/\/carniceriamacoca.com\/wp-content\/uploads\/elementor\/thumbs\/2148516959-r372avwq6oj61xs5lrr78suoksmseq9lhndesnz5x4.jpg\" title=\"2148516959\" alt=\"2148516959\" loading=\"lazy\" \/>\t\t\t\t\t\t\t\t\t\t\t\t\t\t\t<\/div>\n\t\t\t\t<\/div>\n\t\t\t\t<div class=\"elementor-element elementor-element-0f305c5 elementor-widget elementor-widget-heading\" data-id=\"0f305c5\" data-element_type=\"widget\" data-widget_type=\"heading.default\">\n\t\t\t\t<div class=\"elementor-widget-container\">\n\t\t\t\t\t<h2 class=\"elementor-heading-title elementor-size-default\">Cordero Artesanal<\/h2>\t\t\t\t<\/div>\n\t\t\t\t<\/div>\n\t\t\t\t<div class=\"elementor-element elementor-element-8b728e6 elementor-widget elementor-widget-text-editor\" data-id=\"8b728e6\" data-element_type=\"widget\" data-widget_type=\"text-editor.default\">\n\t\t\t\t<div class=\"elementor-widget-container\">\n\t\t\t\t\t\t\t\t\t<p>trabajamos con cordero fresco y de m\u00e1xima calidad, seleccionado con esmero para ofrecerte una carne tierna, jugosa y llena de sabor. Siguiendo nuestra tradici\u00f3n artesanal, preparamos cada corte con cuidado, garantizando el mejor producto para tus recetas.<\/p>\t\t\t\t\t\t\t\t<\/div>\n\t\t\t\t<\/div>\n\t\t\t\t<div class=\"elementor-element elementor-element-4b45bd9 elementor-align-left elementor-mobile-align-justify elementor-widget elementor-widget-button\" data-id=\"4b45bd9\" data-element_type=\"widget\" data-widget_type=\"button.default\">\n\t\t\t\t<div class=\"elementor-widget-container\">\n\t\t\t\t\t\t\t\t\t<div class=\"elementor-button-wrapper\">\n\t\t\t\t\t<a class=\"elementor-button elementor-button-link elementor-size-md\" href=\"https:\/\/carniceriamacoca.com\/en\/cordero-artesanal\/\">\n\t\t\t\t\t\t<span class=\"elementor-button-content-wrapper\">\n\t\t\t\t\t\t\t\t\t<span class=\"elementor-button-text\">Leer MAS<\/span>\n\t\t\t\t\t<\/span>\n\t\t\t\t\t<\/a>\n\t\t\t\t<\/div>\n\t\t\t\t\t\t\t\t<\/div>\n\t\t\t\t<\/div>\n\t\t\t\t<\/div>\n\t\t\t\t\t<\/div>\n\t\t\t\t<\/div>\n\t\t\t\t<\/div>","protected":false},"excerpt":{"rendered":"<p>Productos Embutidos Artesanos Elaboramos nuestros embutidos de forma artesanal, siguiendo recetas tradicionales que garantizan un sabor aut\u00e9ntico e inigualable. Desde un chorizo casero lleno de matices, hasta una morcilla elaborada con ingredientes naturales, cada pieza es trabajada con esmero para ofrecerte calidad y frescura en cada mordisco. Leer MAS Cerdo Ib\u00e9rico Ofrecemos cerdo ib\u00e9rico de [&hellip;]<\/p>","protected":false},"author":1,"featured_media":0,"parent":0,"menu_order":0,"comment_status":"closed","ping_status":"closed","template":"elementor_canvas","meta":{"footnotes":""},"class_list":["post-65","page","type-page","status-publish","hentry"],"yoast_head":"<!-- This site is optimized with the Yoast SEO plugin v26.4 - https:\/\/yoast.com\/wordpress\/plugins\/seo\/ -->\n<title>Productos - Carnicer\u00eda Macoca<\/title>\n<meta name=\"robots\" content=\"index, follow, max-snippet:-1, max-image-preview:large, max-video-preview:-1\" \/>\n<link rel=\"canonical\" href=\"https:\/\/carniceriamacoca.com\/en\/productos\/\" \/>\n<meta property=\"og:locale\" content=\"en_GB\" \/>\n<meta property=\"og:type\" content=\"article\" \/>\n<meta property=\"og:title\" content=\"Productos - Carnicer\u00eda Macoca\" \/>\n<meta property=\"og:description\" content=\"Productos Embutidos Artesanos Elaboramos nuestros embutidos de forma artesanal, siguiendo recetas tradicionales que garantizan un sabor aut\u00e9ntico e inigualable. Desde un chorizo casero lleno de matices, hasta una morcilla elaborada con ingredientes naturales, cada pieza es trabajada con esmero para ofrecerte calidad y frescura en cada mordisco. Leer MAS Cerdo Ib\u00e9rico Ofrecemos cerdo ib\u00e9rico de [&hellip;]\" \/>\n<meta property=\"og:url\" content=\"https:\/\/carniceriamacoca.com\/en\/productos\/\" \/>\n<meta property=\"og:site_name\" content=\"Carnicer\u00eda Macoca\" \/>\n<meta property=\"article:modified_time\" content=\"2025-03-24T08:07:36+00:00\" \/>\n<meta property=\"og:image\" content=\"https:\/\/carniceriamacoca.com\/wp-content\/uploads\/elementor\/thumbs\/5908-r371uijx5k4dufk87704bfko47bnci9w8mbyw690ag.jpg\" \/>\n<meta name=\"twitter:card\" content=\"summary_large_image\" \/>\n<meta name=\"twitter:label1\" content=\"Estimated reading time\" \/>\n\t<meta name=\"twitter:data1\" content=\"3 minutes\" \/>\n<script type=\"application\/ld+json\" class=\"yoast-schema-graph\">{\"@context\":\"https:\/\/schema.org\",\"@graph\":[{\"@type\":\"WebPage\",\"@id\":\"https:\/\/carniceriamacoca.com\/productos\/\",\"url\":\"https:\/\/carniceriamacoca.com\/productos\/\",\"name\":\"Productos - Carnicer\u00eda Macoca\",\"isPartOf\":{\"@id\":\"https:\/\/carniceriamacoca.com\/#website\"},\"primaryImageOfPage\":{\"@id\":\"https:\/\/carniceriamacoca.com\/productos\/#primaryimage\"},\"image\":{\"@id\":\"https:\/\/carniceriamacoca.com\/productos\/#primaryimage\"},\"thumbnailUrl\":\"https:\/\/carniceriamacoca.com\/wp-content\/uploads\/elementor\/thumbs\/5908-r371uijx5k4dufk87704bfko47bnci9w8mbyw690ag.jpg\",\"datePublished\":\"2025-03-20T15:47:54+00:00\",\"dateModified\":\"2025-03-24T08:07:36+00:00\",\"breadcrumb\":{\"@id\":\"https:\/\/carniceriamacoca.com\/productos\/#breadcrumb\"},\"inLanguage\":\"en-GB\",\"potentialAction\":[{\"@type\":\"ReadAction\",\"target\":[\"https:\/\/carniceriamacoca.com\/productos\/\"]}]},{\"@type\":\"ImageObject\",\"inLanguage\":\"en-GB\",\"@id\":\"https:\/\/carniceriamacoca.com\/productos\/#primaryimage\",\"url\":\"https:\/\/carniceriamacoca.com\/wp-content\/uploads\/elementor\/thumbs\/5908-r371uijx5k4dufk87704bfko47bnci9w8mbyw690ag.jpg\",\"contentUrl\":\"https:\/\/carniceriamacoca.com\/wp-content\/uploads\/elementor\/thumbs\/5908-r371uijx5k4dufk87704bfko47bnci9w8mbyw690ag.jpg\"},{\"@type\":\"BreadcrumbList\",\"@id\":\"https:\/\/carniceriamacoca.com\/productos\/#breadcrumb\",\"itemListElement\":[{\"@type\":\"ListItem\",\"position\":1,\"name\":\"Portada\",\"item\":\"https:\/\/carniceriamacoca.com\/\"},{\"@type\":\"ListItem\",\"position\":2,\"name\":\"Productos\"}]},{\"@type\":\"WebSite\",\"@id\":\"https:\/\/carniceriamacoca.com\/#website\",\"url\":\"https:\/\/carniceriamacoca.com\/\",\"name\":\"Carnicer\u00eda Macoca\",\"description\":\"Carnicer\u00eda y charcuter\u00eda \",\"publisher\":{\"@id\":\"https:\/\/carniceriamacoca.com\/#organization\"},\"potentialAction\":[{\"@type\":\"SearchAction\",\"target\":{\"@type\":\"EntryPoint\",\"urlTemplate\":\"https:\/\/carniceriamacoca.com\/?s={search_term_string}\"},\"query-input\":{\"@type\":\"PropertyValueSpecification\",\"valueRequired\":true,\"valueName\":\"search_term_string\"}}],\"inLanguage\":\"en-GB\"},{\"@type\":\"Organization\",\"@id\":\"https:\/\/carniceriamacoca.com\/#organization\",\"name\":\"Carnicer\u00eda Macoca\",\"url\":\"https:\/\/carniceriamacoca.com\/\",\"logo\":{\"@type\":\"ImageObject\",\"inLanguage\":\"en-GB\",\"@id\":\"https:\/\/carniceriamacoca.com\/#\/schema\/logo\/image\/\",\"url\":\"https:\/\/carniceriamacoca.com\/wp-content\/uploads\/2025\/03\/cropped-Logo-carniceria-02.png\",\"contentUrl\":\"https:\/\/carniceriamacoca.com\/wp-content\/uploads\/2025\/03\/cropped-Logo-carniceria-02.png\",\"width\":1558,\"height\":1440,\"caption\":\"Carnicer\u00eda Macoca \"},\"image\":{\"@id\":\"https:\/\/carniceriamacoca.com\/#\/schema\/logo\/image\/\"}}]}<\/script>\n<!-- \/ Yoast SEO plugin. -->","yoast_head_json":{"title":"Productos - Carnicer\u00eda Macoca","robots":{"index":"index","follow":"follow","max-snippet":"max-snippet:-1","max-image-preview":"max-image-preview:large","max-video-preview":"max-video-preview:-1"},"canonical":"https:\/\/carniceriamacoca.com\/en\/productos\/","og_locale":"en_GB","og_type":"article","og_title":"Productos - Carnicer\u00eda Macoca","og_description":"Productos Embutidos Artesanos Elaboramos nuestros embutidos de forma artesanal, siguiendo recetas tradicionales que garantizan un sabor aut\u00e9ntico e inigualable. Desde un chorizo casero lleno de matices, hasta una morcilla elaborada con ingredientes naturales, cada pieza es trabajada con esmero para ofrecerte calidad y frescura en cada mordisco. Leer MAS Cerdo Ib\u00e9rico Ofrecemos cerdo ib\u00e9rico de [&hellip;]","og_url":"https:\/\/carniceriamacoca.com\/en\/productos\/","og_site_name":"Carnicer\u00eda Macoca","article_modified_time":"2025-03-24T08:07:36+00:00","og_image":[{"url":"https:\/\/carniceriamacoca.com\/wp-content\/uploads\/elementor\/thumbs\/5908-r371uijx5k4dufk87704bfko47bnci9w8mbyw690ag.jpg","type":"","width":"","height":""}],"twitter_card":"summary_large_image","twitter_misc":{"Estimated reading time":"3 minutes"},"schema":{"@context":"https:\/\/schema.org","@graph":[{"@type":"WebPage","@id":"https:\/\/carniceriamacoca.com\/productos\/","url":"https:\/\/carniceriamacoca.com\/productos\/","name":"Productos - Carnicer\u00eda Macoca","isPartOf":{"@id":"https:\/\/carniceriamacoca.com\/#website"},"primaryImageOfPage":{"@id":"https:\/\/carniceriamacoca.com\/productos\/#primaryimage"},"image":{"@id":"https:\/\/carniceriamacoca.com\/productos\/#primaryimage"},"thumbnailUrl":"https:\/\/carniceriamacoca.com\/wp-content\/uploads\/elementor\/thumbs\/5908-r371uijx5k4dufk87704bfko47bnci9w8mbyw690ag.jpg","datePublished":"2025-03-20T15:47:54+00:00","dateModified":"2025-03-24T08:07:36+00:00","breadcrumb":{"@id":"https:\/\/carniceriamacoca.com\/productos\/#breadcrumb"},"inLanguage":"en-GB","potentialAction":[{"@type":"ReadAction","target":["https:\/\/carniceriamacoca.com\/productos\/"]}]},{"@type":"ImageObject","inLanguage":"en-GB","@id":"https:\/\/carniceriamacoca.com\/productos\/#primaryimage","url":"https:\/\/carniceriamacoca.com\/wp-content\/uploads\/elementor\/thumbs\/5908-r371uijx5k4dufk87704bfko47bnci9w8mbyw690ag.jpg","contentUrl":"https:\/\/carniceriamacoca.com\/wp-content\/uploads\/elementor\/thumbs\/5908-r371uijx5k4dufk87704bfko47bnci9w8mbyw690ag.jpg"},{"@type":"BreadcrumbList","@id":"https:\/\/carniceriamacoca.com\/productos\/#breadcrumb","itemListElement":[{"@type":"ListItem","position":1,"name":"Portada","item":"https:\/\/carniceriamacoca.com\/"},{"@type":"ListItem","position":2,"name":"Productos"}]},{"@type":"WebSite","@id":"https:\/\/carniceriamacoca.com\/#website","url":"https:\/\/carniceriamacoca.com\/","name":"Carnicer\u00eda Macoca","description":"Carnicer\u00eda y charcuter\u00eda","publisher":{"@id":"https:\/\/carniceriamacoca.com\/#organization"},"potentialAction":[{"@type":"SearchAction","target":{"@type":"EntryPoint","urlTemplate":"https:\/\/carniceriamacoca.com\/?s={search_term_string}"},"query-input":{"@type":"PropertyValueSpecification","valueRequired":true,"valueName":"search_term_string"}}],"inLanguage":"en-GB"},{"@type":"Organization","@id":"https:\/\/carniceriamacoca.com\/#organization","name":"Carnicer\u00eda Macoca","url":"https:\/\/carniceriamacoca.com\/","logo":{"@type":"ImageObject","inLanguage":"en-GB","@id":"https:\/\/carniceriamacoca.com\/#\/schema\/logo\/image\/","url":"https:\/\/carniceriamacoca.com\/wp-content\/uploads\/2025\/03\/cropped-Logo-carniceria-02.png","contentUrl":"https:\/\/carniceriamacoca.com\/wp-content\/uploads\/2025\/03\/cropped-Logo-carniceria-02.png","width":1558,"height":1440,"caption":"Carnicer\u00eda Macoca "},"image":{"@id":"https:\/\/carniceriamacoca.com\/#\/schema\/logo\/image\/"}}]}},"_links":{"self":[{"href":"https:\/\/carniceriamacoca.com\/en\/wp-json\/wp\/v2\/pages\/65","targetHints":{"allow":["GET"]}}],"collection":[{"href":"https:\/\/carniceriamacoca.com\/en\/wp-json\/wp\/v2\/pages"}],"about":[{"href":"https:\/\/carniceriamacoca.com\/en\/wp-json\/wp\/v2\/types\/page"}],"author":[{"embeddable":true,"href":"https:\/\/carniceriamacoca.com\/en\/wp-json\/wp\/v2\/users\/1"}],"replies":[{"embeddable":true,"href":"https:\/\/carniceriamacoca.com\/en\/wp-json\/wp\/v2\/comments?post=65"}],"version-history":[{"count":179,"href":"https:\/\/carniceriamacoca.com\/en\/wp-json\/wp\/v2\/pages\/65\/revisions"}],"predecessor-version":[{"id":992,"href":"https:\/\/carniceriamacoca.com\/en\/wp-json\/wp\/v2\/pages\/65\/revisions\/992"}],"wp:attachment":[{"href":"https:\/\/carniceriamacoca.com\/en\/wp-json\/wp\/v2\/media?parent=65"}],"curies":[{"name":"wp","href":"https:\/\/api.w.org\/{rel}","templated":true}]}}