{"id":471,"date":"2025-03-21T10:53:10","date_gmt":"2025-03-21T10:53:10","guid":{"rendered":"https:\/\/carniceriamacoca.rkinformatika.online\/?page_id=471"},"modified":"2025-03-21T17:03:00","modified_gmt":"2025-03-21T17:03:00","slug":"cordero-artesanal","status":"publish","type":"page","link":"https:\/\/carniceriamacoca.com\/en\/cordero-artesanal\/","title":{"rendered":"Cordero Artesanal\u200b"},"content":{"rendered":"<div data-elementor-type=\"wp-post\" data-elementor-id=\"471\" class=\"elementor elementor-471\" data-elementor-post-type=\"page\">\n\t\t\t\t\t\t<section class=\"elementor-section elementor-top-section elementor-element elementor-element-4142a9df elementor-section-height-min-height elementor-section-boxed elementor-section-height-default elementor-section-items-middle\" data-id=\"4142a9df\" data-element_type=\"section\" data-settings=\"{&quot;background_background&quot;:&quot;classic&quot;}\">\n\t\t\t\t\t\t\t<div class=\"elementor-background-overlay\"><\/div>\n\t\t\t\t\t\t\t<div class=\"elementor-container elementor-column-gap-default\">\n\t\t\t\t\t<div class=\"elementor-column elementor-col-100 elementor-top-column elementor-element elementor-element-1a1bfd21\" data-id=\"1a1bfd21\" data-element_type=\"column\">\n\t\t\t<div class=\"elementor-widget-wrap elementor-element-populated\">\n\t\t\t\t\t\t<div class=\"elementor-element elementor-element-3505811e elementor-widget elementor-widget-heading\" data-id=\"3505811e\" data-element_type=\"widget\" data-widget_type=\"heading.default\">\n\t\t\t\t<div class=\"elementor-widget-container\">\n\t\t\t\t\t<h2 class=\"elementor-heading-title elementor-size-default\">Cordero Artesanal<\/h2>\t\t\t\t<\/div>\n\t\t\t\t<\/div>\n\t\t\t\t\t<\/div>\n\t\t<\/div>\n\t\t\t\t\t<\/div>\n\t\t<\/section>\n\t\t<div class=\"elementor-element elementor-element-c2f449a e-flex e-con-boxed e-con e-parent\" data-id=\"c2f449a\" data-element_type=\"container\">\n\t\t\t\t\t<div class=\"e-con-inner\">\n\t\t<div class=\"elementor-element elementor-element-700e402 e-con-full e-flex e-con e-child\" data-id=\"700e402\" data-element_type=\"container\" data-settings=\"{&quot;background_background&quot;:&quot;classic&quot;}\">\n\t\t\t\t<div class=\"elementor-element elementor-element-74191f8 elementor-invisible elementor-widget elementor-widget-image\" data-id=\"74191f8\" data-element_type=\"widget\" data-settings=\"{&quot;_animation&quot;:&quot;bounceInLeft&quot;}\" data-widget_type=\"image.default\">\n\t\t\t\t<div class=\"elementor-widget-container\">\n\t\t\t\t\t\t\t\t\t\t\t\t\t\t\t<img fetchpriority=\"high\" decoding=\"async\" width=\"800\" height=\"533\" src=\"https:\/\/carniceriamacoca.com\/wp-content\/uploads\/2025\/03\/6517-1024x682.jpg\" class=\"attachment-large size-large wp-image-476\" alt=\"\" srcset=\"https:\/\/carniceriamacoca.com\/wp-content\/uploads\/2025\/03\/6517-1024x682.jpg 1024w, https:\/\/carniceriamacoca.com\/wp-content\/uploads\/2025\/03\/6517-300x200.jpg 300w, https:\/\/carniceriamacoca.com\/wp-content\/uploads\/2025\/03\/6517-768x512.jpg 768w, https:\/\/carniceriamacoca.com\/wp-content\/uploads\/2025\/03\/6517-1536x1024.jpg 1536w, https:\/\/carniceriamacoca.com\/wp-content\/uploads\/2025\/03\/6517-18x12.jpg 18w, https:\/\/carniceriamacoca.com\/wp-content\/uploads\/2025\/03\/6517.jpg 2000w\" sizes=\"(max-width: 800px) 100vw, 800px\" \/>\t\t\t\t\t\t\t\t\t\t\t\t\t\t\t<\/div>\n\t\t\t\t<\/div>\n\t\t\t\t<\/div>\n\t\t<div class=\"elementor-element elementor-element-d63db9a e-con-full e-flex e-con e-child\" data-id=\"d63db9a\" data-element_type=\"container\" data-settings=\"{&quot;background_background&quot;:&quot;classic&quot;}\">\n\t\t\t\t<div class=\"elementor-element elementor-element-8284413 elementor-widget elementor-widget-heading\" data-id=\"8284413\" data-element_type=\"widget\" data-widget_type=\"heading.default\">\n\t\t\t\t<div class=\"elementor-widget-container\">\n\t\t\t\t\t<h2 class=\"elementor-heading-title elementor-size-default\">Chuletas de Cordero\n<\/h2>\t\t\t\t<\/div>\n\t\t\t\t<\/div>\n\t\t\t\t<div class=\"elementor-element elementor-element-c695311 elementor-widget elementor-widget-text-editor\" data-id=\"c695311\" data-element_type=\"widget\" data-widget_type=\"text-editor.default\">\n\t\t\t\t<div class=\"elementor-widget-container\">\n\t\t\t\t\t\t\t\t\t<p data-start=\"324\" data-end=\"681\">Nuestros Muslos de Pollo Macoca son un corte tierno y jugoso, perfecto para todo tipo de preparaciones. Con su piel crujiente por fuera y carne tierna por dentro, son ideales para asar, fre\u00edr, o preparar en guisos y parrilladas. La textura y el sabor de nuestros muslos de pollo aseguran una experiencia deliciosa en cada bocado.<\/p>\t\t\t\t\t\t\t\t<\/div>\n\t\t\t\t<\/div>\n\t\t\t\t<\/div>\n\t\t\t\t\t<\/div>\n\t\t\t\t<\/div>\n\t\t<div class=\"elementor-element elementor-element-4ceb02e e-flex e-con-boxed e-con e-parent\" data-id=\"4ceb02e\" data-element_type=\"container\">\n\t\t\t\t\t<div class=\"e-con-inner\">\n\t\t<div class=\"elementor-element elementor-element-be9b4a9 e-con-full e-flex e-con e-child\" data-id=\"be9b4a9\" data-element_type=\"container\" data-settings=\"{&quot;background_background&quot;:&quot;classic&quot;}\">\n\t\t\t\t<div class=\"elementor-element elementor-element-95661ac elementor-invisible elementor-widget elementor-widget-image\" data-id=\"95661ac\" data-element_type=\"widget\" data-settings=\"{&quot;_animation&quot;:&quot;bounceInLeft&quot;}\" data-widget_type=\"image.default\">\n\t\t\t\t<div class=\"elementor-widget-container\">\n\t\t\t\t\t\t\t\t\t\t\t\t\t\t\t<img decoding=\"async\" width=\"800\" height=\"533\" src=\"https:\/\/carniceriamacoca.com\/wp-content\/uploads\/2025\/03\/12469-1024x682.jpg\" class=\"attachment-large size-large wp-image-477\" alt=\"\" srcset=\"https:\/\/carniceriamacoca.com\/wp-content\/uploads\/2025\/03\/12469-1024x682.jpg 1024w, https:\/\/carniceriamacoca.com\/wp-content\/uploads\/2025\/03\/12469-300x200.jpg 300w, https:\/\/carniceriamacoca.com\/wp-content\/uploads\/2025\/03\/12469-768x512.jpg 768w, https:\/\/carniceriamacoca.com\/wp-content\/uploads\/2025\/03\/12469-1536x1024.jpg 1536w, https:\/\/carniceriamacoca.com\/wp-content\/uploads\/2025\/03\/12469-18x12.jpg 18w, https:\/\/carniceriamacoca.com\/wp-content\/uploads\/2025\/03\/12469.jpg 2000w\" sizes=\"(max-width: 800px) 100vw, 800px\" \/>\t\t\t\t\t\t\t\t\t\t\t\t\t\t\t<\/div>\n\t\t\t\t<\/div>\n\t\t\t\t<\/div>\n\t\t<div class=\"elementor-element elementor-element-a974a90 e-con-full e-flex e-con e-child\" data-id=\"a974a90\" data-element_type=\"container\" data-settings=\"{&quot;background_background&quot;:&quot;classic&quot;}\">\n\t\t\t\t<div class=\"elementor-element elementor-element-3dbfd6b elementor-widget elementor-widget-heading\" data-id=\"3dbfd6b\" data-element_type=\"widget\" data-widget_type=\"heading.default\">\n\t\t\t\t<div class=\"elementor-widget-container\">\n\t\t\t\t\t<h2 class=\"elementor-heading-title elementor-size-default\">Pierna de Cordero <\/h2>\t\t\t\t<\/div>\n\t\t\t\t<\/div>\n\t\t\t\t<div class=\"elementor-element elementor-element-f9f2161 elementor-widget elementor-widget-text-editor\" data-id=\"f9f2161\" data-element_type=\"widget\" data-widget_type=\"text-editor.default\">\n\t\t\t\t<div class=\"elementor-widget-container\">\n\t\t\t\t\t\t\t\t\t<p data-start=\"36\" data-end=\"368\">La Pierna de Cordero Macoca es uno de nuestros cortes m\u00e1s sabrosos y jugosos, ideal para aquellos que buscan una carne tierna y llena de sabor. Este corte, procedente de la parte trasera del cordero, es perfecto para asar al horno o cocinar a la parrilla, ya que su textura mantiene toda la jugosidad y sabor durante la cocci\u00f3n.<\/p><p data-start=\"370\" data-end=\"699\">Se puede preparar de diversas maneras, como al horno con hierbas como el romero, tomillo y ajo, o tambi\u00e9n se puede adobar con una mezcla de especias para obtener un sabor m\u00e1s intenso. Su carne es tierna y se deshace con facilidad, lo que la convierte en una opci\u00f3n ideal para celebraciones, comidas familiares o cenas especiales.<\/p>\t\t\t\t\t\t\t\t<\/div>\n\t\t\t\t<\/div>\n\t\t\t\t<\/div>\n\t\t\t\t\t<\/div>\n\t\t\t\t<\/div>\n\t\t<div class=\"elementor-element elementor-element-960ebf5 e-flex e-con-boxed e-con e-parent\" data-id=\"960ebf5\" data-element_type=\"container\">\n\t\t\t\t\t<div class=\"e-con-inner\">\n\t\t<div class=\"elementor-element elementor-element-44ce91e e-con-full e-flex e-con e-child\" data-id=\"44ce91e\" data-element_type=\"container\" data-settings=\"{&quot;background_background&quot;:&quot;classic&quot;}\">\n\t\t\t\t<div class=\"elementor-element elementor-element-5260190 elementor-invisible elementor-widget elementor-widget-image\" data-id=\"5260190\" data-element_type=\"widget\" data-settings=\"{&quot;_animation&quot;:&quot;bounceInLeft&quot;}\" data-widget_type=\"image.default\">\n\t\t\t\t<div class=\"elementor-widget-container\">\n\t\t\t\t\t\t\t\t\t\t\t\t\t\t\t<img decoding=\"async\" width=\"800\" height=\"600\" src=\"https:\/\/carniceriamacoca.com\/wp-content\/uploads\/2025\/03\/21387365-1024x768.jpg\" class=\"attachment-large size-large wp-image-484\" alt=\"\" srcset=\"https:\/\/carniceriamacoca.com\/wp-content\/uploads\/2025\/03\/21387365-1024x768.jpg 1024w, https:\/\/carniceriamacoca.com\/wp-content\/uploads\/2025\/03\/21387365-300x225.jpg 300w, https:\/\/carniceriamacoca.com\/wp-content\/uploads\/2025\/03\/21387365-768x576.jpg 768w, https:\/\/carniceriamacoca.com\/wp-content\/uploads\/2025\/03\/21387365-1536x1152.jpg 1536w, https:\/\/carniceriamacoca.com\/wp-content\/uploads\/2025\/03\/21387365-16x12.jpg 16w, https:\/\/carniceriamacoca.com\/wp-content\/uploads\/2025\/03\/21387365.jpg 2000w\" sizes=\"(max-width: 800px) 100vw, 800px\" \/>\t\t\t\t\t\t\t\t\t\t\t\t\t\t\t<\/div>\n\t\t\t\t<\/div>\n\t\t\t\t<\/div>\n\t\t<div class=\"elementor-element elementor-element-5611d68 e-con-full e-flex e-con e-child\" data-id=\"5611d68\" data-element_type=\"container\" data-settings=\"{&quot;background_background&quot;:&quot;classic&quot;}\">\n\t\t\t\t<div class=\"elementor-element elementor-element-8616a66 elementor-widget elementor-widget-heading\" data-id=\"8616a66\" data-element_type=\"widget\" data-widget_type=\"heading.default\">\n\t\t\t\t<div class=\"elementor-widget-container\">\n\t\t\t\t\t<h2 class=\"elementor-heading-title elementor-size-default\">Lomo de Cordero\n<\/h2>\t\t\t\t<\/div>\n\t\t\t\t<\/div>\n\t\t\t\t<div class=\"elementor-element elementor-element-c653074 elementor-widget elementor-widget-text-editor\" data-id=\"c653074\" data-element_type=\"widget\" data-widget_type=\"text-editor.default\">\n\t\t\t\t<div class=\"elementor-widget-container\">\n\t\t\t\t\t\t\t\t\t<p data-start=\"34\" data-end=\"363\">El Lomo de Cordero Macoca es un corte premium, tierno y sabroso, ideal para quienes buscan disfrutar de la carne de cordero en su m\u00e1xima expresi\u00f3n. Con una textura jugosa y un sabor delicado, este corte es perfecto para asar, a la parrilla o preparar a la plancha, conservando toda la suavidad y el sabor natural del cordero.<\/p><p data-start=\"365\" data-end=\"623\">Este corte es ideal para cenas elegantes o celebraciones especiales. Se puede preparar con una marinada de hierbas como romero, tomillo, ajo y aceite de oliva para realzar su sabor, o simplemente cocinarlo de forma simple para disfrutar de su sabor natural.<\/p><p data-start=\"596\" data-end=\"725\">\u00a0<\/p>\t\t\t\t\t\t\t\t<\/div>\n\t\t\t\t<\/div>\n\t\t\t\t<\/div>\n\t\t\t\t\t<\/div>\n\t\t\t\t<\/div>\n\t\t<div class=\"elementor-element elementor-element-4d13d91 e-flex e-con-boxed e-con e-parent\" data-id=\"4d13d91\" data-element_type=\"container\">\n\t\t\t\t\t<div class=\"e-con-inner\">\n\t\t<div class=\"elementor-element elementor-element-440a9dc e-con-full e-flex e-con e-child\" data-id=\"440a9dc\" data-element_type=\"container\" data-settings=\"{&quot;background_background&quot;:&quot;classic&quot;}\">\n\t\t\t\t<div class=\"elementor-element elementor-element-4a952a8 elementor-invisible elementor-widget elementor-widget-image\" data-id=\"4a952a8\" data-element_type=\"widget\" data-settings=\"{&quot;_animation&quot;:&quot;bounceInLeft&quot;}\" data-widget_type=\"image.default\">\n\t\t\t\t<div class=\"elementor-widget-container\">\n\t\t\t\t\t\t\t\t\t\t\t\t\t\t\t<img loading=\"lazy\" decoding=\"async\" width=\"800\" height=\"534\" src=\"https:\/\/carniceriamacoca.com\/wp-content\/uploads\/2025\/03\/39440-1024x684.jpg\" class=\"attachment-large size-large wp-image-486\" alt=\"\" srcset=\"https:\/\/carniceriamacoca.com\/wp-content\/uploads\/2025\/03\/39440-1024x684.jpg 1024w, https:\/\/carniceriamacoca.com\/wp-content\/uploads\/2025\/03\/39440-300x200.jpg 300w, https:\/\/carniceriamacoca.com\/wp-content\/uploads\/2025\/03\/39440-768x513.jpg 768w, https:\/\/carniceriamacoca.com\/wp-content\/uploads\/2025\/03\/39440-1536x1025.jpg 1536w, https:\/\/carniceriamacoca.com\/wp-content\/uploads\/2025\/03\/39440-18x12.jpg 18w, https:\/\/carniceriamacoca.com\/wp-content\/uploads\/2025\/03\/39440.jpg 2000w\" sizes=\"(max-width: 800px) 100vw, 800px\" \/>\t\t\t\t\t\t\t\t\t\t\t\t\t\t\t<\/div>\n\t\t\t\t<\/div>\n\t\t\t\t<\/div>\n\t\t<div class=\"elementor-element elementor-element-4b5a4e8 e-con-full e-flex e-con e-child\" data-id=\"4b5a4e8\" data-element_type=\"container\" data-settings=\"{&quot;background_background&quot;:&quot;classic&quot;}\">\n\t\t\t\t<div class=\"elementor-element elementor-element-803d470 elementor-widget elementor-widget-heading\" data-id=\"803d470\" data-element_type=\"widget\" data-widget_type=\"heading.default\">\n\t\t\t\t<div class=\"elementor-widget-container\">\n\t\t\t\t\t<h2 class=\"elementor-heading-title elementor-size-default\">Paletilla de Cordero\n<\/h2>\t\t\t\t<\/div>\n\t\t\t\t<\/div>\n\t\t\t\t<div class=\"elementor-element elementor-element-7d701f6 elementor-widget elementor-widget-text-editor\" data-id=\"7d701f6\" data-element_type=\"widget\" data-widget_type=\"text-editor.default\">\n\t\t\t\t<div class=\"elementor-widget-container\">\n\t\t\t\t\t\t\t\t\t<p data-start=\"39\" data-end=\"401\">La Paletilla de Cordero Macoca es un corte delicioso, jugoso y lleno de sabor. Proveniente de la parte delantera del cordero, esta pieza es perfecta para aquellos que buscan una carne tierna que se deshace en la boca. Su carne magra y su toque de grasa hacen que se mantenga jugosa y sabrosa durante la cocci\u00f3n, ideal para asar al horno o preparar en guisos.<\/p><p data-start=\"403\" data-end=\"692\">Este corte es ideal para preparar a fuego lento, de forma tradicional, con hierbas arom\u00e1ticas como el romero, el tomillo y el ajo, o a la parrilla para obtener un sabor m\u00e1s intenso. La Paletilla de Cordero Macoca es perfecta para cenas familiares, celebraciones y ocasiones especiales.<\/p>\t\t\t\t\t\t\t\t<\/div>\n\t\t\t\t<\/div>\n\t\t\t\t<\/div>\n\t\t\t\t\t<\/div>\n\t\t\t\t<\/div>\n\t\t\t\t<\/div>","protected":false},"excerpt":{"rendered":"<p>Cordero Artesanal Chuletas de Cordero Nuestros Muslos de Pollo Macoca son un corte tierno y jugoso, perfecto para todo tipo de preparaciones. Con su piel crujiente por fuera y carne tierna por dentro, son ideales para asar, fre\u00edr, o preparar en guisos y parrilladas. La textura y el sabor de nuestros muslos de pollo aseguran [&hellip;]<\/p>","protected":false},"author":1,"featured_media":0,"parent":0,"menu_order":0,"comment_status":"closed","ping_status":"closed","template":"elementor_canvas","meta":{"footnotes":""},"class_list":["post-471","page","type-page","status-publish","hentry"],"yoast_head":"<!-- This site is optimized with the Yoast SEO plugin v26.4 - https:\/\/yoast.com\/wordpress\/plugins\/seo\/ -->\n<title>Cordero Artesanal\u200b - Carnicer\u00eda Macoca<\/title>\n<meta name=\"robots\" content=\"index, follow, max-snippet:-1, max-image-preview:large, max-video-preview:-1\" \/>\n<link rel=\"canonical\" href=\"https:\/\/carniceriamacoca.com\/en\/cordero-artesanal\/\" \/>\n<meta property=\"og:locale\" content=\"en_GB\" \/>\n<meta property=\"og:type\" content=\"article\" \/>\n<meta property=\"og:title\" content=\"Cordero Artesanal\u200b - Carnicer\u00eda Macoca\" \/>\n<meta property=\"og:description\" content=\"Cordero Artesanal Chuletas de Cordero Nuestros Muslos de Pollo Macoca son un corte tierno y jugoso, perfecto para todo tipo de preparaciones. Con su piel crujiente por fuera y carne tierna por dentro, son ideales para asar, fre\u00edr, o preparar en guisos y parrilladas. La textura y el sabor de nuestros muslos de pollo aseguran [&hellip;]\" \/>\n<meta property=\"og:url\" content=\"https:\/\/carniceriamacoca.com\/en\/cordero-artesanal\/\" \/>\n<meta property=\"og:site_name\" content=\"Carnicer\u00eda Macoca\" \/>\n<meta property=\"article:modified_time\" content=\"2025-03-21T17:03:00+00:00\" \/>\n<meta property=\"og:image\" content=\"https:\/\/carniceriamacoca.com\/wp-content\/uploads\/2025\/03\/6517-1024x682.jpg\" \/>\n<meta name=\"twitter:card\" content=\"summary_large_image\" \/>\n<meta name=\"twitter:label1\" content=\"Estimated reading time\" \/>\n\t<meta name=\"twitter:data1\" content=\"3 minutes\" \/>\n<script type=\"application\/ld+json\" class=\"yoast-schema-graph\">{\"@context\":\"https:\/\/schema.org\",\"@graph\":[{\"@type\":\"WebPage\",\"@id\":\"https:\/\/carniceriamacoca.com\/cordero-artesanal\/\",\"url\":\"https:\/\/carniceriamacoca.com\/cordero-artesanal\/\",\"name\":\"Cordero Artesanal\u200b - Carnicer\u00eda Macoca\",\"isPartOf\":{\"@id\":\"https:\/\/carniceriamacoca.com\/#website\"},\"primaryImageOfPage\":{\"@id\":\"https:\/\/carniceriamacoca.com\/cordero-artesanal\/#primaryimage\"},\"image\":{\"@id\":\"https:\/\/carniceriamacoca.com\/cordero-artesanal\/#primaryimage\"},\"thumbnailUrl\":\"https:\/\/carniceriamacoca.com\/wp-content\/uploads\/2025\/03\/6517-1024x682.jpg\",\"datePublished\":\"2025-03-21T10:53:10+00:00\",\"dateModified\":\"2025-03-21T17:03:00+00:00\",\"breadcrumb\":{\"@id\":\"https:\/\/carniceriamacoca.com\/cordero-artesanal\/#breadcrumb\"},\"inLanguage\":\"en-GB\",\"potentialAction\":[{\"@type\":\"ReadAction\",\"target\":[\"https:\/\/carniceriamacoca.com\/cordero-artesanal\/\"]}]},{\"@type\":\"ImageObject\",\"inLanguage\":\"en-GB\",\"@id\":\"https:\/\/carniceriamacoca.com\/cordero-artesanal\/#primaryimage\",\"url\":\"https:\/\/carniceriamacoca.com\/wp-content\/uploads\/2025\/03\/6517-1024x682.jpg\",\"contentUrl\":\"https:\/\/carniceriamacoca.com\/wp-content\/uploads\/2025\/03\/6517-1024x682.jpg\"},{\"@type\":\"BreadcrumbList\",\"@id\":\"https:\/\/carniceriamacoca.com\/cordero-artesanal\/#breadcrumb\",\"itemListElement\":[{\"@type\":\"ListItem\",\"position\":1,\"name\":\"Portada\",\"item\":\"https:\/\/carniceriamacoca.com\/\"},{\"@type\":\"ListItem\",\"position\":2,\"name\":\"Cordero Artesanal\u200b\"}]},{\"@type\":\"WebSite\",\"@id\":\"https:\/\/carniceriamacoca.com\/#website\",\"url\":\"https:\/\/carniceriamacoca.com\/\",\"name\":\"Carnicer\u00eda Macoca\",\"description\":\"Carnicer\u00eda y charcuter\u00eda \",\"publisher\":{\"@id\":\"https:\/\/carniceriamacoca.com\/#organization\"},\"potentialAction\":[{\"@type\":\"SearchAction\",\"target\":{\"@type\":\"EntryPoint\",\"urlTemplate\":\"https:\/\/carniceriamacoca.com\/?s={search_term_string}\"},\"query-input\":{\"@type\":\"PropertyValueSpecification\",\"valueRequired\":true,\"valueName\":\"search_term_string\"}}],\"inLanguage\":\"en-GB\"},{\"@type\":\"Organization\",\"@id\":\"https:\/\/carniceriamacoca.com\/#organization\",\"name\":\"Carnicer\u00eda Macoca\",\"url\":\"https:\/\/carniceriamacoca.com\/\",\"logo\":{\"@type\":\"ImageObject\",\"inLanguage\":\"en-GB\",\"@id\":\"https:\/\/carniceriamacoca.com\/#\/schema\/logo\/image\/\",\"url\":\"https:\/\/carniceriamacoca.com\/wp-content\/uploads\/2025\/03\/cropped-Logo-carniceria-02.png\",\"contentUrl\":\"https:\/\/carniceriamacoca.com\/wp-content\/uploads\/2025\/03\/cropped-Logo-carniceria-02.png\",\"width\":1558,\"height\":1440,\"caption\":\"Carnicer\u00eda Macoca \"},\"image\":{\"@id\":\"https:\/\/carniceriamacoca.com\/#\/schema\/logo\/image\/\"}}]}<\/script>\n<!-- \/ Yoast SEO plugin. -->","yoast_head_json":{"title":"Cordero Artesanal\u200b - Carnicer\u00eda Macoca","robots":{"index":"index","follow":"follow","max-snippet":"max-snippet:-1","max-image-preview":"max-image-preview:large","max-video-preview":"max-video-preview:-1"},"canonical":"https:\/\/carniceriamacoca.com\/en\/cordero-artesanal\/","og_locale":"en_GB","og_type":"article","og_title":"Cordero Artesanal\u200b - Carnicer\u00eda Macoca","og_description":"Cordero Artesanal Chuletas de Cordero Nuestros Muslos de Pollo Macoca son un corte tierno y jugoso, perfecto para todo tipo de preparaciones. Con su piel crujiente por fuera y carne tierna por dentro, son ideales para asar, fre\u00edr, o preparar en guisos y parrilladas. La textura y el sabor de nuestros muslos de pollo aseguran [&hellip;]","og_url":"https:\/\/carniceriamacoca.com\/en\/cordero-artesanal\/","og_site_name":"Carnicer\u00eda Macoca","article_modified_time":"2025-03-21T17:03:00+00:00","og_image":[{"url":"https:\/\/carniceriamacoca.com\/wp-content\/uploads\/2025\/03\/6517-1024x682.jpg","type":"","width":"","height":""}],"twitter_card":"summary_large_image","twitter_misc":{"Estimated reading time":"3 minutes"},"schema":{"@context":"https:\/\/schema.org","@graph":[{"@type":"WebPage","@id":"https:\/\/carniceriamacoca.com\/cordero-artesanal\/","url":"https:\/\/carniceriamacoca.com\/cordero-artesanal\/","name":"Cordero Artesanal\u200b - Carnicer\u00eda Macoca","isPartOf":{"@id":"https:\/\/carniceriamacoca.com\/#website"},"primaryImageOfPage":{"@id":"https:\/\/carniceriamacoca.com\/cordero-artesanal\/#primaryimage"},"image":{"@id":"https:\/\/carniceriamacoca.com\/cordero-artesanal\/#primaryimage"},"thumbnailUrl":"https:\/\/carniceriamacoca.com\/wp-content\/uploads\/2025\/03\/6517-1024x682.jpg","datePublished":"2025-03-21T10:53:10+00:00","dateModified":"2025-03-21T17:03:00+00:00","breadcrumb":{"@id":"https:\/\/carniceriamacoca.com\/cordero-artesanal\/#breadcrumb"},"inLanguage":"en-GB","potentialAction":[{"@type":"ReadAction","target":["https:\/\/carniceriamacoca.com\/cordero-artesanal\/"]}]},{"@type":"ImageObject","inLanguage":"en-GB","@id":"https:\/\/carniceriamacoca.com\/cordero-artesanal\/#primaryimage","url":"https:\/\/carniceriamacoca.com\/wp-content\/uploads\/2025\/03\/6517-1024x682.jpg","contentUrl":"https:\/\/carniceriamacoca.com\/wp-content\/uploads\/2025\/03\/6517-1024x682.jpg"},{"@type":"BreadcrumbList","@id":"https:\/\/carniceriamacoca.com\/cordero-artesanal\/#breadcrumb","itemListElement":[{"@type":"ListItem","position":1,"name":"Portada","item":"https:\/\/carniceriamacoca.com\/"},{"@type":"ListItem","position":2,"name":"Cordero Artesanal\u200b"}]},{"@type":"WebSite","@id":"https:\/\/carniceriamacoca.com\/#website","url":"https:\/\/carniceriamacoca.com\/","name":"Carnicer\u00eda Macoca","description":"Carnicer\u00eda y charcuter\u00eda","publisher":{"@id":"https:\/\/carniceriamacoca.com\/#organization"},"potentialAction":[{"@type":"SearchAction","target":{"@type":"EntryPoint","urlTemplate":"https:\/\/carniceriamacoca.com\/?s={search_term_string}"},"query-input":{"@type":"PropertyValueSpecification","valueRequired":true,"valueName":"search_term_string"}}],"inLanguage":"en-GB"},{"@type":"Organization","@id":"https:\/\/carniceriamacoca.com\/#organization","name":"Carnicer\u00eda Macoca","url":"https:\/\/carniceriamacoca.com\/","logo":{"@type":"ImageObject","inLanguage":"en-GB","@id":"https:\/\/carniceriamacoca.com\/#\/schema\/logo\/image\/","url":"https:\/\/carniceriamacoca.com\/wp-content\/uploads\/2025\/03\/cropped-Logo-carniceria-02.png","contentUrl":"https:\/\/carniceriamacoca.com\/wp-content\/uploads\/2025\/03\/cropped-Logo-carniceria-02.png","width":1558,"height":1440,"caption":"Carnicer\u00eda Macoca "},"image":{"@id":"https:\/\/carniceriamacoca.com\/#\/schema\/logo\/image\/"}}]}},"_links":{"self":[{"href":"https:\/\/carniceriamacoca.com\/en\/wp-json\/wp\/v2\/pages\/471","targetHints":{"allow":["GET"]}}],"collection":[{"href":"https:\/\/carniceriamacoca.com\/en\/wp-json\/wp\/v2\/pages"}],"about":[{"href":"https:\/\/carniceriamacoca.com\/en\/wp-json\/wp\/v2\/types\/page"}],"author":[{"embeddable":true,"href":"https:\/\/carniceriamacoca.com\/en\/wp-json\/wp\/v2\/users\/1"}],"replies":[{"embeddable":true,"href":"https:\/\/carniceriamacoca.com\/en\/wp-json\/wp\/v2\/comments?post=471"}],"version-history":[{"count":19,"href":"https:\/\/carniceriamacoca.com\/en\/wp-json\/wp\/v2\/pages\/471\/revisions"}],"predecessor-version":[{"id":954,"href":"https:\/\/carniceriamacoca.com\/en\/wp-json\/wp\/v2\/pages\/471\/revisions\/954"}],"wp:attachment":[{"href":"https:\/\/carniceriamacoca.com\/en\/wp-json\/wp\/v2\/media?parent=471"}],"curies":[{"name":"wp","href":"https:\/\/api.w.org\/{rel}","templated":true}]}}