{"id":439,"date":"2025-03-21T10:43:17","date_gmt":"2025-03-21T10:43:17","guid":{"rendered":"https:\/\/carniceriamacoca.rkinformatika.online\/?page_id=439"},"modified":"2025-03-21T17:00:38","modified_gmt":"2025-03-21T17:00:38","slug":"aves-frescas","status":"publish","type":"page","link":"https:\/\/carniceriamacoca.com\/en\/aves-frescas\/","title":{"rendered":"Aves Frescas\u200b"},"content":{"rendered":"<div data-elementor-type=\"wp-post\" data-elementor-id=\"439\" class=\"elementor elementor-439\" data-elementor-post-type=\"page\">\n\t\t\t\t\t\t<section class=\"elementor-section elementor-top-section elementor-element elementor-element-4142a9df elementor-section-height-min-height elementor-section-boxed elementor-section-height-default elementor-section-items-middle\" data-id=\"4142a9df\" data-element_type=\"section\" data-settings=\"{&quot;background_background&quot;:&quot;classic&quot;}\">\n\t\t\t\t\t\t\t<div class=\"elementor-background-overlay\"><\/div>\n\t\t\t\t\t\t\t<div class=\"elementor-container elementor-column-gap-default\">\n\t\t\t\t\t<div class=\"elementor-column elementor-col-100 elementor-top-column elementor-element elementor-element-1a1bfd21\" data-id=\"1a1bfd21\" data-element_type=\"column\">\n\t\t\t<div class=\"elementor-widget-wrap elementor-element-populated\">\n\t\t\t\t\t\t<div class=\"elementor-element elementor-element-3505811e elementor-widget elementor-widget-heading\" data-id=\"3505811e\" data-element_type=\"widget\" data-widget_type=\"heading.default\">\n\t\t\t\t<div class=\"elementor-widget-container\">\n\t\t\t\t\t<h2 class=\"elementor-heading-title elementor-size-default\">Aves frescas<\/h2>\t\t\t\t<\/div>\n\t\t\t\t<\/div>\n\t\t\t\t\t<\/div>\n\t\t<\/div>\n\t\t\t\t\t<\/div>\n\t\t<\/section>\n\t\t<div class=\"elementor-element elementor-element-c2f449a e-flex e-con-boxed e-con e-parent\" data-id=\"c2f449a\" data-element_type=\"container\">\n\t\t\t\t\t<div class=\"e-con-inner\">\n\t\t<div class=\"elementor-element elementor-element-700e402 e-con-full e-flex e-con e-child\" data-id=\"700e402\" data-element_type=\"container\" data-settings=\"{&quot;background_background&quot;:&quot;classic&quot;}\">\n\t\t\t\t<div class=\"elementor-element elementor-element-74191f8 elementor-invisible elementor-widget elementor-widget-image\" data-id=\"74191f8\" data-element_type=\"widget\" data-settings=\"{&quot;_animation&quot;:&quot;bounceInLeft&quot;}\" data-widget_type=\"image.default\">\n\t\t\t\t<div class=\"elementor-widget-container\">\n\t\t\t\t\t\t\t\t\t\t\t\t\t\t\t<img fetchpriority=\"high\" decoding=\"async\" width=\"800\" height=\"533\" src=\"https:\/\/carniceriamacoca.com\/wp-content\/uploads\/2025\/03\/8996-1024x682.jpg\" class=\"attachment-large size-large wp-image-448\" alt=\"\" srcset=\"https:\/\/carniceriamacoca.com\/wp-content\/uploads\/2025\/03\/8996-1024x682.jpg 1024w, https:\/\/carniceriamacoca.com\/wp-content\/uploads\/2025\/03\/8996-300x200.jpg 300w, https:\/\/carniceriamacoca.com\/wp-content\/uploads\/2025\/03\/8996-768x512.jpg 768w, https:\/\/carniceriamacoca.com\/wp-content\/uploads\/2025\/03\/8996-1536x1024.jpg 1536w, https:\/\/carniceriamacoca.com\/wp-content\/uploads\/2025\/03\/8996-18x12.jpg 18w, https:\/\/carniceriamacoca.com\/wp-content\/uploads\/2025\/03\/8996.jpg 2000w\" sizes=\"(max-width: 800px) 100vw, 800px\" \/>\t\t\t\t\t\t\t\t\t\t\t\t\t\t\t<\/div>\n\t\t\t\t<\/div>\n\t\t\t\t<\/div>\n\t\t<div class=\"elementor-element elementor-element-d63db9a e-con-full e-flex e-con e-child\" data-id=\"d63db9a\" data-element_type=\"container\" data-settings=\"{&quot;background_background&quot;:&quot;classic&quot;}\">\n\t\t\t\t<div class=\"elementor-element elementor-element-8284413 elementor-widget elementor-widget-heading\" data-id=\"8284413\" data-element_type=\"widget\" data-widget_type=\"heading.default\">\n\t\t\t\t<div class=\"elementor-widget-container\">\n\t\t\t\t\t<h2 class=\"elementor-heading-title elementor-size-default\">Muslos de Pollo<\/h2>\t\t\t\t<\/div>\n\t\t\t\t<\/div>\n\t\t\t\t<div class=\"elementor-element elementor-element-c695311 elementor-widget elementor-widget-text-editor\" data-id=\"c695311\" data-element_type=\"widget\" data-widget_type=\"text-editor.default\">\n\t\t\t\t<div class=\"elementor-widget-container\">\n\t\t\t\t\t\t\t\t\t<p data-start=\"324\" data-end=\"681\">Nuestros Muslos de Pollo Macoca son un corte tierno y jugoso, perfecto para todo tipo de preparaciones. Con su piel crujiente por fuera y carne tierna por dentro, son ideales para asar, fre\u00edr, o preparar en guisos y parrilladas. La textura y el sabor de nuestros muslos de pollo aseguran una experiencia deliciosa en cada bocado.<\/p>\t\t\t\t\t\t\t\t<\/div>\n\t\t\t\t<\/div>\n\t\t\t\t<\/div>\n\t\t\t\t\t<\/div>\n\t\t\t\t<\/div>\n\t\t<div class=\"elementor-element elementor-element-4ceb02e e-flex e-con-boxed e-con e-parent\" data-id=\"4ceb02e\" data-element_type=\"container\">\n\t\t\t\t\t<div class=\"e-con-inner\">\n\t\t<div class=\"elementor-element elementor-element-be9b4a9 e-con-full e-flex e-con e-child\" data-id=\"be9b4a9\" data-element_type=\"container\" data-settings=\"{&quot;background_background&quot;:&quot;classic&quot;}\">\n\t\t\t\t<div class=\"elementor-element elementor-element-95661ac elementor-invisible elementor-widget elementor-widget-image\" data-id=\"95661ac\" data-element_type=\"widget\" data-settings=\"{&quot;_animation&quot;:&quot;bounceInLeft&quot;}\" data-widget_type=\"image.default\">\n\t\t\t\t<div class=\"elementor-widget-container\">\n\t\t\t\t\t\t\t\t\t\t\t\t\t\t\t<img decoding=\"async\" width=\"800\" height=\"533\" src=\"https:\/\/carniceriamacoca.com\/wp-content\/uploads\/2025\/03\/5518-1024x682.jpg\" class=\"attachment-large size-large wp-image-449\" alt=\"\" srcset=\"https:\/\/carniceriamacoca.com\/wp-content\/uploads\/2025\/03\/5518-1024x682.jpg 1024w, https:\/\/carniceriamacoca.com\/wp-content\/uploads\/2025\/03\/5518-300x200.jpg 300w, https:\/\/carniceriamacoca.com\/wp-content\/uploads\/2025\/03\/5518-768x512.jpg 768w, https:\/\/carniceriamacoca.com\/wp-content\/uploads\/2025\/03\/5518-1536x1024.jpg 1536w, https:\/\/carniceriamacoca.com\/wp-content\/uploads\/2025\/03\/5518-18x12.jpg 18w, https:\/\/carniceriamacoca.com\/wp-content\/uploads\/2025\/03\/5518.jpg 2000w\" sizes=\"(max-width: 800px) 100vw, 800px\" \/>\t\t\t\t\t\t\t\t\t\t\t\t\t\t\t<\/div>\n\t\t\t\t<\/div>\n\t\t\t\t<\/div>\n\t\t<div class=\"elementor-element elementor-element-a974a90 e-con-full e-flex e-con e-child\" data-id=\"a974a90\" data-element_type=\"container\" data-settings=\"{&quot;background_background&quot;:&quot;classic&quot;}\">\n\t\t\t\t<div class=\"elementor-element elementor-element-3dbfd6b elementor-widget elementor-widget-heading\" data-id=\"3dbfd6b\" data-element_type=\"widget\" data-widget_type=\"heading.default\">\n\t\t\t\t<div class=\"elementor-widget-container\">\n\t\t\t\t\t<h2 class=\"elementor-heading-title elementor-size-default\">Pechugas de Pollo<\/h2>\t\t\t\t<\/div>\n\t\t\t\t<\/div>\n\t\t\t\t<div class=\"elementor-element elementor-element-f9f2161 elementor-widget elementor-widget-text-editor\" data-id=\"f9f2161\" data-element_type=\"widget\" data-widget_type=\"text-editor.default\">\n\t\t\t\t<div class=\"elementor-widget-container\">\n\t\t\t\t\t\t\t\t\t<p data-start=\"36\" data-end=\"297\">Las Pechugas de Pollo Macoca son uno de nuestros cortes m\u00e1s populares, conocidas por su carne magra, tierna y jugosa. Estas pechugas son perfectas para una gran variedad de platos, desde parrilladas y asados hasta salteados, guisos y filetes a la plancha.<\/p><p data-start=\"299\" data-end=\"633\">La carne de nuestras pechugas es fresca, de alta calidad y f\u00e1cil de preparar, lo que las convierte en una opci\u00f3n ideal para quienes buscan una comida r\u00e1pida, saludable y llena de sabor. Puedes cocinarlas de forma simple con especias o disfrutar de su versatilidad a\u00f1adiendo salsas o acompa\u00f1amientos como verduras, arroz o ensaladas.<\/p>\t\t\t\t\t\t\t\t<\/div>\n\t\t\t\t<\/div>\n\t\t\t\t<\/div>\n\t\t\t\t\t<\/div>\n\t\t\t\t<\/div>\n\t\t<div class=\"elementor-element elementor-element-960ebf5 e-flex e-con-boxed e-con e-parent\" data-id=\"960ebf5\" data-element_type=\"container\">\n\t\t\t\t\t<div class=\"e-con-inner\">\n\t\t<div class=\"elementor-element elementor-element-44ce91e e-con-full e-flex e-con e-child\" data-id=\"44ce91e\" data-element_type=\"container\" data-settings=\"{&quot;background_background&quot;:&quot;classic&quot;}\">\n\t\t\t\t<div class=\"elementor-element elementor-element-5260190 elementor-invisible elementor-widget elementor-widget-image\" data-id=\"5260190\" data-element_type=\"widget\" data-settings=\"{&quot;_animation&quot;:&quot;bounceInLeft&quot;}\" data-widget_type=\"image.default\">\n\t\t\t\t<div class=\"elementor-widget-container\">\n\t\t\t\t\t\t\t\t\t\t\t\t\t\t\t<img decoding=\"async\" width=\"800\" height=\"533\" src=\"https:\/\/carniceriamacoca.com\/wp-content\/uploads\/2025\/03\/85911-1024x682.jpg\" class=\"attachment-large size-large wp-image-450\" alt=\"\" srcset=\"https:\/\/carniceriamacoca.com\/wp-content\/uploads\/2025\/03\/85911-1024x682.jpg 1024w, https:\/\/carniceriamacoca.com\/wp-content\/uploads\/2025\/03\/85911-300x200.jpg 300w, https:\/\/carniceriamacoca.com\/wp-content\/uploads\/2025\/03\/85911-768x512.jpg 768w, https:\/\/carniceriamacoca.com\/wp-content\/uploads\/2025\/03\/85911-1536x1024.jpg 1536w, https:\/\/carniceriamacoca.com\/wp-content\/uploads\/2025\/03\/85911-18x12.jpg 18w, https:\/\/carniceriamacoca.com\/wp-content\/uploads\/2025\/03\/85911.jpg 2000w\" sizes=\"(max-width: 800px) 100vw, 800px\" \/>\t\t\t\t\t\t\t\t\t\t\t\t\t\t\t<\/div>\n\t\t\t\t<\/div>\n\t\t\t\t<\/div>\n\t\t<div class=\"elementor-element elementor-element-5611d68 e-con-full e-flex e-con e-child\" data-id=\"5611d68\" data-element_type=\"container\" data-settings=\"{&quot;background_background&quot;:&quot;classic&quot;}\">\n\t\t\t\t<div class=\"elementor-element elementor-element-8616a66 elementor-widget elementor-widget-heading\" data-id=\"8616a66\" data-element_type=\"widget\" data-widget_type=\"heading.default\">\n\t\t\t\t<div class=\"elementor-widget-container\">\n\t\t\t\t\t<h2 class=\"elementor-heading-title elementor-size-default\">Alitas de Pollo<\/h2>\t\t\t\t<\/div>\n\t\t\t\t<\/div>\n\t\t\t\t<div class=\"elementor-element elementor-element-c653074 elementor-widget elementor-widget-text-editor\" data-id=\"c653074\" data-element_type=\"widget\" data-widget_type=\"text-editor.default\">\n\t\t\t\t<div class=\"elementor-widget-container\">\n\t\t\t\t\t\t\t\t\t<p data-start=\"34\" data-end=\"314\">Las Alitas de Pollo Macoca son el corte perfecto para los amantes del pollo que buscan una opci\u00f3n sabrosa, jugosa y llena de sabor. Con su piel crujiente y carne tierna, nuestras alitas son ideales para asar a la parrilla, fre\u00edr o preparar en el horno con tu salsa favorita.<\/p><p data-start=\"316\" data-end=\"639\">Este corte es perfecto para reuniones familiares, picoteo con amigos o incluso como plato principal, acompa\u00f1adas de una salsa barbacoa, miel y mostaza, o el toque picante que prefieras. Las Alitas de Pollo Macoca se destacan por su frescura y calidad, lo que las convierte en una opci\u00f3n deliciosa y f\u00e1cil de preparar.<\/p><p data-start=\"307\" data-end=\"594\">\u00a0<\/p><p data-start=\"596\" data-end=\"725\">\u00a0<\/p>\t\t\t\t\t\t\t\t<\/div>\n\t\t\t\t<\/div>\n\t\t\t\t<\/div>\n\t\t\t\t\t<\/div>\n\t\t\t\t<\/div>\n\t\t<div class=\"elementor-element elementor-element-4d13d91 e-flex e-con-boxed e-con e-parent\" data-id=\"4d13d91\" data-element_type=\"container\">\n\t\t\t\t\t<div class=\"e-con-inner\">\n\t\t<div class=\"elementor-element elementor-element-440a9dc e-con-full e-flex e-con e-child\" data-id=\"440a9dc\" data-element_type=\"container\" data-settings=\"{&quot;background_background&quot;:&quot;classic&quot;}\">\n\t\t\t\t<div class=\"elementor-element elementor-element-4a952a8 elementor-invisible elementor-widget elementor-widget-image\" data-id=\"4a952a8\" data-element_type=\"widget\" data-settings=\"{&quot;_animation&quot;:&quot;bounceInLeft&quot;}\" data-widget_type=\"image.default\">\n\t\t\t\t<div class=\"elementor-widget-container\">\n\t\t\t\t\t\t\t\t\t\t\t\t\t\t\t<img loading=\"lazy\" decoding=\"async\" width=\"800\" height=\"533\" src=\"https:\/\/carniceriamacoca.com\/wp-content\/uploads\/2025\/03\/16354-1024x682.jpg\" class=\"attachment-large size-large wp-image-451\" alt=\"\" srcset=\"https:\/\/carniceriamacoca.com\/wp-content\/uploads\/2025\/03\/16354-1024x682.jpg 1024w, https:\/\/carniceriamacoca.com\/wp-content\/uploads\/2025\/03\/16354-300x200.jpg 300w, https:\/\/carniceriamacoca.com\/wp-content\/uploads\/2025\/03\/16354-768x512.jpg 768w, https:\/\/carniceriamacoca.com\/wp-content\/uploads\/2025\/03\/16354-1536x1024.jpg 1536w, https:\/\/carniceriamacoca.com\/wp-content\/uploads\/2025\/03\/16354-18x12.jpg 18w, https:\/\/carniceriamacoca.com\/wp-content\/uploads\/2025\/03\/16354.jpg 2000w\" sizes=\"(max-width: 800px) 100vw, 800px\" \/>\t\t\t\t\t\t\t\t\t\t\t\t\t\t\t<\/div>\n\t\t\t\t<\/div>\n\t\t\t\t<\/div>\n\t\t<div class=\"elementor-element elementor-element-4b5a4e8 e-con-full e-flex e-con e-child\" data-id=\"4b5a4e8\" data-element_type=\"container\" data-settings=\"{&quot;background_background&quot;:&quot;classic&quot;}\">\n\t\t\t\t<div class=\"elementor-element elementor-element-803d470 elementor-widget elementor-widget-heading\" data-id=\"803d470\" data-element_type=\"widget\" data-widget_type=\"heading.default\">\n\t\t\t\t<div class=\"elementor-widget-container\">\n\t\t\t\t\t<h2 class=\"elementor-heading-title elementor-size-default\">Pechugas de Pavo\n<\/h2>\t\t\t\t<\/div>\n\t\t\t\t<\/div>\n\t\t\t\t<div class=\"elementor-element elementor-element-7d701f6 elementor-widget elementor-widget-text-editor\" data-id=\"7d701f6\" data-element_type=\"widget\" data-widget_type=\"text-editor.default\">\n\t\t\t\t<div class=\"elementor-widget-container\">\n\t\t\t\t\t\t\t\t\t<p data-start=\"35\" data-end=\"319\">Las Pechugas de Pavo Macoca son un corte magro, tierno y de sabor delicado, perfecto para quienes buscan una opci\u00f3n saludable y deliciosa. Nuestras pechugas de pavo son ideales para cocinar a la plancha, asadas, en guisos, o como ingrediente principal en ensaladas y s\u00e1ndwiches.<\/p><p data-start=\"321\" data-end=\"600\">Gracias a su bajo contenido de grasa, son una excelente opci\u00f3n para quienes desean mantener una dieta equilibrada sin renunciar al sabor. Puedes combinarlas con tus especias y hierbas favoritas para realzar su sabor natural, o acompa\u00f1arlas con salsas ligeras, verduras o arroz.<\/p>\t\t\t\t\t\t\t\t<\/div>\n\t\t\t\t<\/div>\n\t\t\t\t<\/div>\n\t\t\t\t\t<\/div>\n\t\t\t\t<\/div>\n\t\t<div class=\"elementor-element elementor-element-4f5141a e-flex e-con-boxed e-con e-parent\" data-id=\"4f5141a\" data-element_type=\"container\">\n\t\t\t\t\t<div class=\"e-con-inner\">\n\t\t<div class=\"elementor-element elementor-element-4c2559c e-con-full e-flex e-con e-child\" data-id=\"4c2559c\" data-element_type=\"container\" data-settings=\"{&quot;background_background&quot;:&quot;classic&quot;}\">\n\t\t\t\t<div class=\"elementor-element elementor-element-c1351f8 elementor-invisible elementor-widget elementor-widget-image\" data-id=\"c1351f8\" data-element_type=\"widget\" data-settings=\"{&quot;_animation&quot;:&quot;bounceInLeft&quot;}\" data-widget_type=\"image.default\">\n\t\t\t\t<div class=\"elementor-widget-container\">\n\t\t\t\t\t\t\t\t\t\t\t\t\t\t\t<img loading=\"lazy\" decoding=\"async\" width=\"800\" height=\"532\" src=\"https:\/\/carniceriamacoca.com\/wp-content\/uploads\/2025\/03\/43270-1024x681.jpg\" class=\"attachment-large size-large wp-image-452\" alt=\"\" srcset=\"https:\/\/carniceriamacoca.com\/wp-content\/uploads\/2025\/03\/43270-1024x681.jpg 1024w, https:\/\/carniceriamacoca.com\/wp-content\/uploads\/2025\/03\/43270-300x200.jpg 300w, https:\/\/carniceriamacoca.com\/wp-content\/uploads\/2025\/03\/43270-768x511.jpg 768w, https:\/\/carniceriamacoca.com\/wp-content\/uploads\/2025\/03\/43270-1536x1022.jpg 1536w, https:\/\/carniceriamacoca.com\/wp-content\/uploads\/2025\/03\/43270-18x12.jpg 18w, https:\/\/carniceriamacoca.com\/wp-content\/uploads\/2025\/03\/43270.jpg 2000w\" sizes=\"(max-width: 800px) 100vw, 800px\" \/>\t\t\t\t\t\t\t\t\t\t\t\t\t\t\t<\/div>\n\t\t\t\t<\/div>\n\t\t\t\t<\/div>\n\t\t<div class=\"elementor-element elementor-element-9a9f542 e-con-full e-flex e-con e-child\" data-id=\"9a9f542\" data-element_type=\"container\" data-settings=\"{&quot;background_background&quot;:&quot;classic&quot;}\">\n\t\t\t\t<div class=\"elementor-element elementor-element-7f9f484 elementor-widget elementor-widget-heading\" data-id=\"7f9f484\" data-element_type=\"widget\" data-widget_type=\"heading.default\">\n\t\t\t\t<div class=\"elementor-widget-container\">\n\t\t\t\t\t<h2 class=\"elementor-heading-title elementor-size-default\">Muslos de Pavo<\/h2>\t\t\t\t<\/div>\n\t\t\t\t<\/div>\n\t\t\t\t<div class=\"elementor-element elementor-element-6d33431 elementor-widget elementor-widget-text-editor\" data-id=\"6d33431\" data-element_type=\"widget\" data-widget_type=\"text-editor.default\">\n\t\t\t\t<div class=\"elementor-widget-container\">\n\t\t\t\t\t\t\t\t\t<p data-start=\"33\" data-end=\"295\">Los Muslos de Pavo Macoca son un corte delicioso y jugoso, perfecto para quienes disfrutan de una carne sabrosa y tierna. Con su piel crujiente por fuera y carne jugosa por dentro, los muslos de pavo son ideales para asar, hornear o preparar a la parrilla.<\/p><p data-start=\"297\" data-end=\"589\">Este corte es perfecto para platos m\u00e1s sustanciosos, como guisos, estofados o simplemente asados con hierbas arom\u00e1ticas y un toque de aceite de oliva. Adem\u00e1s, su sabor natural se puede realzar con salsas como barbacoa, mostaza y miel, o acompa\u00f1arlos con pur\u00e9 de patatas o ensaladas frescas.<\/p>\t\t\t\t\t\t\t\t<\/div>\n\t\t\t\t<\/div>\n\t\t\t\t<\/div>\n\t\t\t\t\t<\/div>\n\t\t\t\t<\/div>\n\t\t\t\t<\/div>","protected":false},"excerpt":{"rendered":"<p>Aves frescas Muslos de Pollo Nuestros Muslos de Pollo Macoca son un corte tierno y jugoso, perfecto para todo tipo de preparaciones. Con su piel crujiente por fuera y carne tierna por dentro, son ideales para asar, fre\u00edr, o preparar en guisos y parrilladas. La textura y el sabor de nuestros muslos de pollo aseguran [&hellip;]<\/p>","protected":false},"author":1,"featured_media":0,"parent":0,"menu_order":0,"comment_status":"closed","ping_status":"closed","template":"elementor_canvas","meta":{"footnotes":""},"class_list":["post-439","page","type-page","status-publish","hentry"],"yoast_head":"<!-- This site is optimized with the Yoast SEO plugin v26.4 - https:\/\/yoast.com\/wordpress\/plugins\/seo\/ -->\n<title>Aves Frescas\u200b - Carnicer\u00eda Macoca<\/title>\n<meta name=\"robots\" content=\"index, follow, max-snippet:-1, max-image-preview:large, max-video-preview:-1\" \/>\n<link rel=\"canonical\" href=\"https:\/\/carniceriamacoca.com\/en\/aves-frescas\/\" \/>\n<meta property=\"og:locale\" content=\"en_GB\" \/>\n<meta property=\"og:type\" content=\"article\" \/>\n<meta property=\"og:title\" content=\"Aves Frescas\u200b - Carnicer\u00eda Macoca\" \/>\n<meta property=\"og:description\" content=\"Aves frescas Muslos de Pollo Nuestros Muslos de Pollo Macoca son un corte tierno y jugoso, perfecto para todo tipo de preparaciones. Con su piel crujiente por fuera y carne tierna por dentro, son ideales para asar, fre\u00edr, o preparar en guisos y parrilladas. La textura y el sabor de nuestros muslos de pollo aseguran [&hellip;]\" \/>\n<meta property=\"og:url\" content=\"https:\/\/carniceriamacoca.com\/en\/aves-frescas\/\" \/>\n<meta property=\"og:site_name\" content=\"Carnicer\u00eda Macoca\" \/>\n<meta property=\"article:modified_time\" content=\"2025-03-21T17:00:38+00:00\" \/>\n<meta property=\"og:image\" content=\"https:\/\/carniceriamacoca.com\/wp-content\/uploads\/2025\/03\/8996-1024x682.jpg\" \/>\n<meta name=\"twitter:card\" content=\"summary_large_image\" \/>\n<meta name=\"twitter:label1\" content=\"Estimated reading time\" \/>\n\t<meta name=\"twitter:data1\" content=\"4 minutes\" \/>\n<script type=\"application\/ld+json\" class=\"yoast-schema-graph\">{\"@context\":\"https:\/\/schema.org\",\"@graph\":[{\"@type\":\"WebPage\",\"@id\":\"https:\/\/carniceriamacoca.com\/aves-frescas\/\",\"url\":\"https:\/\/carniceriamacoca.com\/aves-frescas\/\",\"name\":\"Aves Frescas\u200b - Carnicer\u00eda Macoca\",\"isPartOf\":{\"@id\":\"https:\/\/carniceriamacoca.com\/#website\"},\"primaryImageOfPage\":{\"@id\":\"https:\/\/carniceriamacoca.com\/aves-frescas\/#primaryimage\"},\"image\":{\"@id\":\"https:\/\/carniceriamacoca.com\/aves-frescas\/#primaryimage\"},\"thumbnailUrl\":\"https:\/\/carniceriamacoca.com\/wp-content\/uploads\/2025\/03\/8996-1024x682.jpg\",\"datePublished\":\"2025-03-21T10:43:17+00:00\",\"dateModified\":\"2025-03-21T17:00:38+00:00\",\"breadcrumb\":{\"@id\":\"https:\/\/carniceriamacoca.com\/aves-frescas\/#breadcrumb\"},\"inLanguage\":\"en-GB\",\"potentialAction\":[{\"@type\":\"ReadAction\",\"target\":[\"https:\/\/carniceriamacoca.com\/aves-frescas\/\"]}]},{\"@type\":\"ImageObject\",\"inLanguage\":\"en-GB\",\"@id\":\"https:\/\/carniceriamacoca.com\/aves-frescas\/#primaryimage\",\"url\":\"https:\/\/carniceriamacoca.com\/wp-content\/uploads\/2025\/03\/8996-1024x682.jpg\",\"contentUrl\":\"https:\/\/carniceriamacoca.com\/wp-content\/uploads\/2025\/03\/8996-1024x682.jpg\"},{\"@type\":\"BreadcrumbList\",\"@id\":\"https:\/\/carniceriamacoca.com\/aves-frescas\/#breadcrumb\",\"itemListElement\":[{\"@type\":\"ListItem\",\"position\":1,\"name\":\"Portada\",\"item\":\"https:\/\/carniceriamacoca.com\/\"},{\"@type\":\"ListItem\",\"position\":2,\"name\":\"Aves Frescas\u200b\"}]},{\"@type\":\"WebSite\",\"@id\":\"https:\/\/carniceriamacoca.com\/#website\",\"url\":\"https:\/\/carniceriamacoca.com\/\",\"name\":\"Carnicer\u00eda Macoca\",\"description\":\"Carnicer\u00eda y charcuter\u00eda \",\"publisher\":{\"@id\":\"https:\/\/carniceriamacoca.com\/#organization\"},\"potentialAction\":[{\"@type\":\"SearchAction\",\"target\":{\"@type\":\"EntryPoint\",\"urlTemplate\":\"https:\/\/carniceriamacoca.com\/?s={search_term_string}\"},\"query-input\":{\"@type\":\"PropertyValueSpecification\",\"valueRequired\":true,\"valueName\":\"search_term_string\"}}],\"inLanguage\":\"en-GB\"},{\"@type\":\"Organization\",\"@id\":\"https:\/\/carniceriamacoca.com\/#organization\",\"name\":\"Carnicer\u00eda Macoca\",\"url\":\"https:\/\/carniceriamacoca.com\/\",\"logo\":{\"@type\":\"ImageObject\",\"inLanguage\":\"en-GB\",\"@id\":\"https:\/\/carniceriamacoca.com\/#\/schema\/logo\/image\/\",\"url\":\"https:\/\/carniceriamacoca.com\/wp-content\/uploads\/2025\/03\/cropped-Logo-carniceria-02.png\",\"contentUrl\":\"https:\/\/carniceriamacoca.com\/wp-content\/uploads\/2025\/03\/cropped-Logo-carniceria-02.png\",\"width\":1558,\"height\":1440,\"caption\":\"Carnicer\u00eda Macoca \"},\"image\":{\"@id\":\"https:\/\/carniceriamacoca.com\/#\/schema\/logo\/image\/\"}}]}<\/script>\n<!-- \/ Yoast SEO plugin. -->","yoast_head_json":{"title":"Aves Frescas\u200b - Carnicer\u00eda Macoca","robots":{"index":"index","follow":"follow","max-snippet":"max-snippet:-1","max-image-preview":"max-image-preview:large","max-video-preview":"max-video-preview:-1"},"canonical":"https:\/\/carniceriamacoca.com\/en\/aves-frescas\/","og_locale":"en_GB","og_type":"article","og_title":"Aves Frescas\u200b - Carnicer\u00eda Macoca","og_description":"Aves frescas Muslos de Pollo Nuestros Muslos de Pollo Macoca son un corte tierno y jugoso, perfecto para todo tipo de preparaciones. Con su piel crujiente por fuera y carne tierna por dentro, son ideales para asar, fre\u00edr, o preparar en guisos y parrilladas. La textura y el sabor de nuestros muslos de pollo aseguran [&hellip;]","og_url":"https:\/\/carniceriamacoca.com\/en\/aves-frescas\/","og_site_name":"Carnicer\u00eda Macoca","article_modified_time":"2025-03-21T17:00:38+00:00","og_image":[{"url":"https:\/\/carniceriamacoca.com\/wp-content\/uploads\/2025\/03\/8996-1024x682.jpg","type":"","width":"","height":""}],"twitter_card":"summary_large_image","twitter_misc":{"Estimated reading time":"4 minutes"},"schema":{"@context":"https:\/\/schema.org","@graph":[{"@type":"WebPage","@id":"https:\/\/carniceriamacoca.com\/aves-frescas\/","url":"https:\/\/carniceriamacoca.com\/aves-frescas\/","name":"Aves Frescas\u200b - Carnicer\u00eda Macoca","isPartOf":{"@id":"https:\/\/carniceriamacoca.com\/#website"},"primaryImageOfPage":{"@id":"https:\/\/carniceriamacoca.com\/aves-frescas\/#primaryimage"},"image":{"@id":"https:\/\/carniceriamacoca.com\/aves-frescas\/#primaryimage"},"thumbnailUrl":"https:\/\/carniceriamacoca.com\/wp-content\/uploads\/2025\/03\/8996-1024x682.jpg","datePublished":"2025-03-21T10:43:17+00:00","dateModified":"2025-03-21T17:00:38+00:00","breadcrumb":{"@id":"https:\/\/carniceriamacoca.com\/aves-frescas\/#breadcrumb"},"inLanguage":"en-GB","potentialAction":[{"@type":"ReadAction","target":["https:\/\/carniceriamacoca.com\/aves-frescas\/"]}]},{"@type":"ImageObject","inLanguage":"en-GB","@id":"https:\/\/carniceriamacoca.com\/aves-frescas\/#primaryimage","url":"https:\/\/carniceriamacoca.com\/wp-content\/uploads\/2025\/03\/8996-1024x682.jpg","contentUrl":"https:\/\/carniceriamacoca.com\/wp-content\/uploads\/2025\/03\/8996-1024x682.jpg"},{"@type":"BreadcrumbList","@id":"https:\/\/carniceriamacoca.com\/aves-frescas\/#breadcrumb","itemListElement":[{"@type":"ListItem","position":1,"name":"Portada","item":"https:\/\/carniceriamacoca.com\/"},{"@type":"ListItem","position":2,"name":"Aves Frescas\u200b"}]},{"@type":"WebSite","@id":"https:\/\/carniceriamacoca.com\/#website","url":"https:\/\/carniceriamacoca.com\/","name":"Carnicer\u00eda Macoca","description":"Carnicer\u00eda y charcuter\u00eda","publisher":{"@id":"https:\/\/carniceriamacoca.com\/#organization"},"potentialAction":[{"@type":"SearchAction","target":{"@type":"EntryPoint","urlTemplate":"https:\/\/carniceriamacoca.com\/?s={search_term_string}"},"query-input":{"@type":"PropertyValueSpecification","valueRequired":true,"valueName":"search_term_string"}}],"inLanguage":"en-GB"},{"@type":"Organization","@id":"https:\/\/carniceriamacoca.com\/#organization","name":"Carnicer\u00eda Macoca","url":"https:\/\/carniceriamacoca.com\/","logo":{"@type":"ImageObject","inLanguage":"en-GB","@id":"https:\/\/carniceriamacoca.com\/#\/schema\/logo\/image\/","url":"https:\/\/carniceriamacoca.com\/wp-content\/uploads\/2025\/03\/cropped-Logo-carniceria-02.png","contentUrl":"https:\/\/carniceriamacoca.com\/wp-content\/uploads\/2025\/03\/cropped-Logo-carniceria-02.png","width":1558,"height":1440,"caption":"Carnicer\u00eda Macoca "},"image":{"@id":"https:\/\/carniceriamacoca.com\/#\/schema\/logo\/image\/"}}]}},"_links":{"self":[{"href":"https:\/\/carniceriamacoca.com\/en\/wp-json\/wp\/v2\/pages\/439","targetHints":{"allow":["GET"]}}],"collection":[{"href":"https:\/\/carniceriamacoca.com\/en\/wp-json\/wp\/v2\/pages"}],"about":[{"href":"https:\/\/carniceriamacoca.com\/en\/wp-json\/wp\/v2\/types\/page"}],"author":[{"embeddable":true,"href":"https:\/\/carniceriamacoca.com\/en\/wp-json\/wp\/v2\/users\/1"}],"replies":[{"embeddable":true,"href":"https:\/\/carniceriamacoca.com\/en\/wp-json\/wp\/v2\/comments?post=439"}],"version-history":[{"count":37,"href":"https:\/\/carniceriamacoca.com\/en\/wp-json\/wp\/v2\/pages\/439\/revisions"}],"predecessor-version":[{"id":943,"href":"https:\/\/carniceriamacoca.com\/en\/wp-json\/wp\/v2\/pages\/439\/revisions\/943"}],"wp:attachment":[{"href":"https:\/\/carniceriamacoca.com\/en\/wp-json\/wp\/v2\/media?parent=439"}],"curies":[{"name":"wp","href":"https:\/\/api.w.org\/{rel}","templated":true}]}}