{"id":427,"date":"2025-03-21T10:27:12","date_gmt":"2025-03-21T10:27:12","guid":{"rendered":"https:\/\/carniceriamacoca.rkinformatika.online\/?page_id=427"},"modified":"2025-03-21T17:05:34","modified_gmt":"2025-03-21T17:05:34","slug":"ternera-artesanal","status":"publish","type":"page","link":"https:\/\/carniceriamacoca.com\/en\/ternera-artesanal\/","title":{"rendered":"Ternera Artesanal"},"content":{"rendered":"<div data-elementor-type=\"wp-post\" data-elementor-id=\"427\" class=\"elementor elementor-427\" data-elementor-post-type=\"page\">\n\t\t\t\t\t\t<section class=\"elementor-section elementor-top-section elementor-element elementor-element-4142a9df elementor-section-height-min-height elementor-section-boxed elementor-section-height-default elementor-section-items-middle\" data-id=\"4142a9df\" data-element_type=\"section\" data-settings=\"{&quot;background_background&quot;:&quot;classic&quot;}\">\n\t\t\t\t\t\t\t<div class=\"elementor-background-overlay\"><\/div>\n\t\t\t\t\t\t\t<div class=\"elementor-container elementor-column-gap-default\">\n\t\t\t\t\t<div class=\"elementor-column elementor-col-100 elementor-top-column elementor-element elementor-element-1a1bfd21\" data-id=\"1a1bfd21\" data-element_type=\"column\">\n\t\t\t<div class=\"elementor-widget-wrap elementor-element-populated\">\n\t\t\t\t\t\t<div class=\"elementor-element elementor-element-3505811e elementor-widget elementor-widget-heading\" data-id=\"3505811e\" data-element_type=\"widget\" data-widget_type=\"heading.default\">\n\t\t\t\t<div class=\"elementor-widget-container\">\n\t\t\t\t\t<h2 class=\"elementor-heading-title elementor-size-default\">Ternera Artesanal<\/h2>\t\t\t\t<\/div>\n\t\t\t\t<\/div>\n\t\t\t\t\t<\/div>\n\t\t<\/div>\n\t\t\t\t\t<\/div>\n\t\t<\/section>\n\t\t<div class=\"elementor-element elementor-element-c2f449a e-flex e-con-boxed e-con e-parent\" data-id=\"c2f449a\" data-element_type=\"container\">\n\t\t\t\t\t<div class=\"e-con-inner\">\n\t\t<div class=\"elementor-element elementor-element-700e402 e-con-full e-flex e-con e-child\" data-id=\"700e402\" data-element_type=\"container\" data-settings=\"{&quot;background_background&quot;:&quot;classic&quot;}\">\n\t\t\t\t<div class=\"elementor-element elementor-element-74191f8 elementor-invisible elementor-widget elementor-widget-image\" data-id=\"74191f8\" data-element_type=\"widget\" data-settings=\"{&quot;_animation&quot;:&quot;bounceInLeft&quot;}\" data-widget_type=\"image.default\">\n\t\t\t\t<div class=\"elementor-widget-container\">\n\t\t\t\t\t\t\t\t\t\t\t\t\t\t\t<img fetchpriority=\"high\" decoding=\"async\" width=\"800\" height=\"591\" src=\"https:\/\/carniceriamacoca.com\/wp-content\/uploads\/2025\/03\/18682-1024x757.jpg\" class=\"attachment-large size-large wp-image-430\" alt=\"\" srcset=\"https:\/\/carniceriamacoca.com\/wp-content\/uploads\/2025\/03\/18682-1024x757.jpg 1024w, https:\/\/carniceriamacoca.com\/wp-content\/uploads\/2025\/03\/18682-300x222.jpg 300w, https:\/\/carniceriamacoca.com\/wp-content\/uploads\/2025\/03\/18682-768x568.jpg 768w, https:\/\/carniceriamacoca.com\/wp-content\/uploads\/2025\/03\/18682-1536x1135.jpg 1536w, https:\/\/carniceriamacoca.com\/wp-content\/uploads\/2025\/03\/18682-16x12.jpg 16w, https:\/\/carniceriamacoca.com\/wp-content\/uploads\/2025\/03\/18682.jpg 2000w\" sizes=\"(max-width: 800px) 100vw, 800px\" \/>\t\t\t\t\t\t\t\t\t\t\t\t\t\t\t<\/div>\n\t\t\t\t<\/div>\n\t\t\t\t<\/div>\n\t\t<div class=\"elementor-element elementor-element-d63db9a e-con-full e-flex e-con e-child\" data-id=\"d63db9a\" data-element_type=\"container\" data-settings=\"{&quot;background_background&quot;:&quot;classic&quot;}\">\n\t\t\t\t<div class=\"elementor-element elementor-element-8284413 elementor-widget elementor-widget-heading\" data-id=\"8284413\" data-element_type=\"widget\" data-widget_type=\"heading.default\">\n\t\t\t\t<div class=\"elementor-widget-container\">\n\t\t\t\t\t<h2 class=\"elementor-heading-title elementor-size-default\">Entrecot<\/h2>\t\t\t\t<\/div>\n\t\t\t\t<\/div>\n\t\t\t\t<div class=\"elementor-element elementor-element-c695311 elementor-widget elementor-widget-text-editor\" data-id=\"c695311\" data-element_type=\"widget\" data-widget_type=\"text-editor.default\">\n\t\t\t\t<div class=\"elementor-widget-container\">\n\t\t\t\t\t\t\t\t\t<p data-start=\"38\" data-end=\"322\">El Entrecot de Ternera Macoca es uno de nuestros cortes m\u00e1s jugosos y sabrosos. Proveniente de la parte del lomo de la ternera, es conocido por su textura tierna y su sabor intenso. Este corte, con su fina capa de grasa, asegura una carne jugosa y llena de sabor en cada bocado.<\/p><p data-start=\"324\" data-end=\"681\">Es ideal para la parrilla, la plancha o el horno, y se puede disfrutar solo o acompa\u00f1ado de una salsa de tu elecci\u00f3n, como una salsa al vino tinto, mostaza, o chimichurri. Tambi\u00e9n es perfecto para quienes disfrutan de un corte de carne de calidad, con la cantidad justa de grasa que le da ese sabor \u00fanico que solo el Entrecot de Ternera puede ofrecer.<\/p>\t\t\t\t\t\t\t\t<\/div>\n\t\t\t\t<\/div>\n\t\t\t\t<\/div>\n\t\t\t\t\t<\/div>\n\t\t\t\t<\/div>\n\t\t<div class=\"elementor-element elementor-element-4ceb02e e-flex e-con-boxed e-con e-parent\" data-id=\"4ceb02e\" data-element_type=\"container\">\n\t\t\t\t\t<div class=\"e-con-inner\">\n\t\t<div class=\"elementor-element elementor-element-be9b4a9 e-con-full e-flex e-con e-child\" data-id=\"be9b4a9\" data-element_type=\"container\" data-settings=\"{&quot;background_background&quot;:&quot;classic&quot;}\">\n\t\t\t\t<div class=\"elementor-element elementor-element-95661ac elementor-invisible elementor-widget elementor-widget-image\" data-id=\"95661ac\" data-element_type=\"widget\" data-settings=\"{&quot;_animation&quot;:&quot;bounceInLeft&quot;}\" data-widget_type=\"image.default\">\n\t\t\t\t<div class=\"elementor-widget-container\">\n\t\t\t\t\t\t\t\t\t\t\t\t\t\t\t<img decoding=\"async\" width=\"800\" height=\"533\" src=\"https:\/\/carniceriamacoca.com\/wp-content\/uploads\/2025\/03\/2148599800-1024x682.jpg\" class=\"attachment-large size-large wp-image-431\" alt=\"\" srcset=\"https:\/\/carniceriamacoca.com\/wp-content\/uploads\/2025\/03\/2148599800-1024x682.jpg 1024w, https:\/\/carniceriamacoca.com\/wp-content\/uploads\/2025\/03\/2148599800-300x200.jpg 300w, https:\/\/carniceriamacoca.com\/wp-content\/uploads\/2025\/03\/2148599800-768x512.jpg 768w, https:\/\/carniceriamacoca.com\/wp-content\/uploads\/2025\/03\/2148599800-1536x1024.jpg 1536w, https:\/\/carniceriamacoca.com\/wp-content\/uploads\/2025\/03\/2148599800-18x12.jpg 18w, https:\/\/carniceriamacoca.com\/wp-content\/uploads\/2025\/03\/2148599800.jpg 2000w\" sizes=\"(max-width: 800px) 100vw, 800px\" \/>\t\t\t\t\t\t\t\t\t\t\t\t\t\t\t<\/div>\n\t\t\t\t<\/div>\n\t\t\t\t<\/div>\n\t\t<div class=\"elementor-element elementor-element-a974a90 e-con-full e-flex e-con e-child\" data-id=\"a974a90\" data-element_type=\"container\" data-settings=\"{&quot;background_background&quot;:&quot;classic&quot;}\">\n\t\t\t\t<div class=\"elementor-element elementor-element-3dbfd6b elementor-widget elementor-widget-heading\" data-id=\"3dbfd6b\" data-element_type=\"widget\" data-widget_type=\"heading.default\">\n\t\t\t\t<div class=\"elementor-widget-container\">\n\t\t\t\t\t<h2 class=\"elementor-heading-title elementor-size-default\">Chuleta<\/h2>\t\t\t\t<\/div>\n\t\t\t\t<\/div>\n\t\t\t\t<div class=\"elementor-element elementor-element-f9f2161 elementor-widget elementor-widget-text-editor\" data-id=\"f9f2161\" data-element_type=\"widget\" data-widget_type=\"text-editor.default\">\n\t\t\t\t<div class=\"elementor-widget-container\">\n\t\t\t\t\t\t\t\t\t<p data-start=\"37\" data-end=\"363\">La Chuleta de Ternera Macoca es uno de nuestros cortes m\u00e1s populares, ideal para quienes buscan una pieza de carne con mucho sabor y jugosidad. Procedente de la parte del costillar de la ternera, la chuleta tiene una textura tierna y un sabor profundo, gracias a su hueso que ayuda a realzar el sabor durante la cocci\u00f3n.<\/p><p data-start=\"365\" data-end=\"697\">Es perfecta para asar a la parrilla, fre\u00edr o preparar a la brasa, y se puede disfrutar con una variedad de acompa\u00f1amientos, como patatas, ensaladas o una salsa de hierbas y ajo. Su grosor y el toque de grasa permiten que se mantenga jugosa y sabrosa, convirti\u00e9ndola en una opci\u00f3n deliciosa para una comida en familia o con amigos.<\/p>\t\t\t\t\t\t\t\t<\/div>\n\t\t\t\t<\/div>\n\t\t\t\t<\/div>\n\t\t\t\t\t<\/div>\n\t\t\t\t<\/div>\n\t\t<div class=\"elementor-element elementor-element-960ebf5 e-flex e-con-boxed e-con e-parent\" data-id=\"960ebf5\" data-element_type=\"container\">\n\t\t\t\t\t<div class=\"e-con-inner\">\n\t\t<div class=\"elementor-element elementor-element-44ce91e e-con-full e-flex e-con e-child\" data-id=\"44ce91e\" data-element_type=\"container\" data-settings=\"{&quot;background_background&quot;:&quot;classic&quot;}\">\n\t\t\t\t<div class=\"elementor-element elementor-element-5260190 elementor-invisible elementor-widget elementor-widget-image\" data-id=\"5260190\" data-element_type=\"widget\" data-settings=\"{&quot;_animation&quot;:&quot;bounceInLeft&quot;}\" data-widget_type=\"image.default\">\n\t\t\t\t<div class=\"elementor-widget-container\">\n\t\t\t\t\t\t\t\t\t\t\t\t\t\t\t<img decoding=\"async\" width=\"800\" height=\"533\" src=\"https:\/\/carniceriamacoca.com\/wp-content\/uploads\/2025\/03\/2150550427-1024x682.jpg\" class=\"attachment-large size-large wp-image-432\" alt=\"\" srcset=\"https:\/\/carniceriamacoca.com\/wp-content\/uploads\/2025\/03\/2150550427-1024x682.jpg 1024w, https:\/\/carniceriamacoca.com\/wp-content\/uploads\/2025\/03\/2150550427-300x200.jpg 300w, https:\/\/carniceriamacoca.com\/wp-content\/uploads\/2025\/03\/2150550427-768x512.jpg 768w, https:\/\/carniceriamacoca.com\/wp-content\/uploads\/2025\/03\/2150550427-1536x1024.jpg 1536w, https:\/\/carniceriamacoca.com\/wp-content\/uploads\/2025\/03\/2150550427-18x12.jpg 18w, https:\/\/carniceriamacoca.com\/wp-content\/uploads\/2025\/03\/2150550427.jpg 2000w\" sizes=\"(max-width: 800px) 100vw, 800px\" \/>\t\t\t\t\t\t\t\t\t\t\t\t\t\t\t<\/div>\n\t\t\t\t<\/div>\n\t\t\t\t<\/div>\n\t\t<div class=\"elementor-element elementor-element-5611d68 e-con-full e-flex e-con e-child\" data-id=\"5611d68\" data-element_type=\"container\" data-settings=\"{&quot;background_background&quot;:&quot;classic&quot;}\">\n\t\t\t\t<div class=\"elementor-element elementor-element-8616a66 elementor-widget elementor-widget-heading\" data-id=\"8616a66\" data-element_type=\"widget\" data-widget_type=\"heading.default\">\n\t\t\t\t<div class=\"elementor-widget-container\">\n\t\t\t\t\t<h2 class=\"elementor-heading-title elementor-size-default\">Carne picada de ternera\n<\/h2>\t\t\t\t<\/div>\n\t\t\t\t<\/div>\n\t\t\t\t<div class=\"elementor-element elementor-element-c653074 elementor-widget elementor-widget-text-editor\" data-id=\"c653074\" data-element_type=\"widget\" data-widget_type=\"text-editor.default\">\n\t\t\t\t<div class=\"elementor-widget-container\">\n\t\t\t\t\t\t\t\t\t<p data-start=\"42\" data-end=\"305\">Nuestra Carne Picada de Ternera Macoca est\u00e1 elaborada con carne de ternera fresca, seleccionada y molida al momento para asegurar su sabor y calidad. Perfecta para todo tipo de platos, desde hamburguesas caseras hasta alb\u00f3ndigas, guisos o salsas para pasta.<\/p><p data-start=\"307\" data-end=\"594\">Gracias a su textura jugosa y su sabor delicado, es ideal para preparar recetas tradicionales o innovadoras. Puedes combinarla con especias y hierbas para darle un toque personalizado, o disfrutarla en su versi\u00f3n m\u00e1s simple, con cebolla y tomate, para una comida r\u00e1pida pero deliciosa.<\/p><p data-start=\"596\" data-end=\"725\">La Carne Picada de Ternera Macoca es vers\u00e1til, f\u00e1cil de preparar y siempre garantizada para brindarte lo mejor en cada plato.<\/p>\t\t\t\t\t\t\t\t<\/div>\n\t\t\t\t<\/div>\n\t\t\t\t<\/div>\n\t\t\t\t\t<\/div>\n\t\t\t\t<\/div>\n\t\t\t\t<\/div>","protected":false},"excerpt":{"rendered":"<p>Ternera Artesanal Entrecot El Entrecot de Ternera Macoca es uno de nuestros cortes m\u00e1s jugosos y sabrosos. Proveniente de la parte del lomo de la ternera, es conocido por su textura tierna y su sabor intenso. Este corte, con su fina capa de grasa, asegura una carne jugosa y llena de sabor en cada bocado. [&hellip;]<\/p>","protected":false},"author":1,"featured_media":0,"parent":0,"menu_order":0,"comment_status":"closed","ping_status":"closed","template":"elementor_canvas","meta":{"footnotes":""},"class_list":["post-427","page","type-page","status-publish","hentry"],"yoast_head":"<!-- This site is optimized with the Yoast SEO plugin v26.4 - https:\/\/yoast.com\/wordpress\/plugins\/seo\/ -->\n<title>Ternera Artesanal - Carnicer\u00eda Macoca<\/title>\n<meta name=\"robots\" content=\"index, follow, max-snippet:-1, max-image-preview:large, max-video-preview:-1\" \/>\n<link rel=\"canonical\" href=\"https:\/\/carniceriamacoca.com\/en\/ternera-artesanal\/\" \/>\n<meta property=\"og:locale\" content=\"en_GB\" \/>\n<meta property=\"og:type\" content=\"article\" \/>\n<meta property=\"og:title\" content=\"Ternera Artesanal - Carnicer\u00eda Macoca\" \/>\n<meta property=\"og:description\" content=\"Ternera Artesanal Entrecot El Entrecot de Ternera Macoca es uno de nuestros cortes m\u00e1s jugosos y sabrosos. Proveniente de la parte del lomo de la ternera, es conocido por su textura tierna y su sabor intenso. Este corte, con su fina capa de grasa, asegura una carne jugosa y llena de sabor en cada bocado. [&hellip;]\" \/>\n<meta property=\"og:url\" content=\"https:\/\/carniceriamacoca.com\/en\/ternera-artesanal\/\" \/>\n<meta property=\"og:site_name\" content=\"Carnicer\u00eda Macoca\" \/>\n<meta property=\"article:modified_time\" content=\"2025-03-21T17:05:34+00:00\" \/>\n<meta property=\"og:image\" content=\"https:\/\/carniceriamacoca.com\/wp-content\/uploads\/2025\/03\/18682-1024x757.jpg\" \/>\n<meta name=\"twitter:card\" content=\"summary_large_image\" \/>\n<meta name=\"twitter:label1\" content=\"Estimated reading time\" \/>\n\t<meta name=\"twitter:data1\" content=\"3 minutes\" \/>\n<script type=\"application\/ld+json\" class=\"yoast-schema-graph\">{\"@context\":\"https:\/\/schema.org\",\"@graph\":[{\"@type\":\"WebPage\",\"@id\":\"https:\/\/carniceriamacoca.com\/ternera-artesanal\/\",\"url\":\"https:\/\/carniceriamacoca.com\/ternera-artesanal\/\",\"name\":\"Ternera Artesanal - Carnicer\u00eda Macoca\",\"isPartOf\":{\"@id\":\"https:\/\/carniceriamacoca.com\/#website\"},\"primaryImageOfPage\":{\"@id\":\"https:\/\/carniceriamacoca.com\/ternera-artesanal\/#primaryimage\"},\"image\":{\"@id\":\"https:\/\/carniceriamacoca.com\/ternera-artesanal\/#primaryimage\"},\"thumbnailUrl\":\"https:\/\/carniceriamacoca.com\/wp-content\/uploads\/2025\/03\/18682-1024x757.jpg\",\"datePublished\":\"2025-03-21T10:27:12+00:00\",\"dateModified\":\"2025-03-21T17:05:34+00:00\",\"breadcrumb\":{\"@id\":\"https:\/\/carniceriamacoca.com\/ternera-artesanal\/#breadcrumb\"},\"inLanguage\":\"en-GB\",\"potentialAction\":[{\"@type\":\"ReadAction\",\"target\":[\"https:\/\/carniceriamacoca.com\/ternera-artesanal\/\"]}]},{\"@type\":\"ImageObject\",\"inLanguage\":\"en-GB\",\"@id\":\"https:\/\/carniceriamacoca.com\/ternera-artesanal\/#primaryimage\",\"url\":\"https:\/\/carniceriamacoca.com\/wp-content\/uploads\/2025\/03\/18682-1024x757.jpg\",\"contentUrl\":\"https:\/\/carniceriamacoca.com\/wp-content\/uploads\/2025\/03\/18682-1024x757.jpg\"},{\"@type\":\"BreadcrumbList\",\"@id\":\"https:\/\/carniceriamacoca.com\/ternera-artesanal\/#breadcrumb\",\"itemListElement\":[{\"@type\":\"ListItem\",\"position\":1,\"name\":\"Portada\",\"item\":\"https:\/\/carniceriamacoca.com\/\"},{\"@type\":\"ListItem\",\"position\":2,\"name\":\"Ternera Artesanal\"}]},{\"@type\":\"WebSite\",\"@id\":\"https:\/\/carniceriamacoca.com\/#website\",\"url\":\"https:\/\/carniceriamacoca.com\/\",\"name\":\"Carnicer\u00eda Macoca\",\"description\":\"Carnicer\u00eda y charcuter\u00eda \",\"publisher\":{\"@id\":\"https:\/\/carniceriamacoca.com\/#organization\"},\"potentialAction\":[{\"@type\":\"SearchAction\",\"target\":{\"@type\":\"EntryPoint\",\"urlTemplate\":\"https:\/\/carniceriamacoca.com\/?s={search_term_string}\"},\"query-input\":{\"@type\":\"PropertyValueSpecification\",\"valueRequired\":true,\"valueName\":\"search_term_string\"}}],\"inLanguage\":\"en-GB\"},{\"@type\":\"Organization\",\"@id\":\"https:\/\/carniceriamacoca.com\/#organization\",\"name\":\"Carnicer\u00eda Macoca\",\"url\":\"https:\/\/carniceriamacoca.com\/\",\"logo\":{\"@type\":\"ImageObject\",\"inLanguage\":\"en-GB\",\"@id\":\"https:\/\/carniceriamacoca.com\/#\/schema\/logo\/image\/\",\"url\":\"https:\/\/carniceriamacoca.com\/wp-content\/uploads\/2025\/03\/cropped-Logo-carniceria-02.png\",\"contentUrl\":\"https:\/\/carniceriamacoca.com\/wp-content\/uploads\/2025\/03\/cropped-Logo-carniceria-02.png\",\"width\":1558,\"height\":1440,\"caption\":\"Carnicer\u00eda Macoca \"},\"image\":{\"@id\":\"https:\/\/carniceriamacoca.com\/#\/schema\/logo\/image\/\"}}]}<\/script>\n<!-- \/ Yoast SEO plugin. -->","yoast_head_json":{"title":"Ternera Artesanal - Carnicer\u00eda Macoca","robots":{"index":"index","follow":"follow","max-snippet":"max-snippet:-1","max-image-preview":"max-image-preview:large","max-video-preview":"max-video-preview:-1"},"canonical":"https:\/\/carniceriamacoca.com\/en\/ternera-artesanal\/","og_locale":"en_GB","og_type":"article","og_title":"Ternera Artesanal - Carnicer\u00eda Macoca","og_description":"Ternera Artesanal Entrecot El Entrecot de Ternera Macoca es uno de nuestros cortes m\u00e1s jugosos y sabrosos. Proveniente de la parte del lomo de la ternera, es conocido por su textura tierna y su sabor intenso. Este corte, con su fina capa de grasa, asegura una carne jugosa y llena de sabor en cada bocado. [&hellip;]","og_url":"https:\/\/carniceriamacoca.com\/en\/ternera-artesanal\/","og_site_name":"Carnicer\u00eda Macoca","article_modified_time":"2025-03-21T17:05:34+00:00","og_image":[{"url":"https:\/\/carniceriamacoca.com\/wp-content\/uploads\/2025\/03\/18682-1024x757.jpg","type":"","width":"","height":""}],"twitter_card":"summary_large_image","twitter_misc":{"Estimated reading time":"3 minutes"},"schema":{"@context":"https:\/\/schema.org","@graph":[{"@type":"WebPage","@id":"https:\/\/carniceriamacoca.com\/ternera-artesanal\/","url":"https:\/\/carniceriamacoca.com\/ternera-artesanal\/","name":"Ternera Artesanal - Carnicer\u00eda Macoca","isPartOf":{"@id":"https:\/\/carniceriamacoca.com\/#website"},"primaryImageOfPage":{"@id":"https:\/\/carniceriamacoca.com\/ternera-artesanal\/#primaryimage"},"image":{"@id":"https:\/\/carniceriamacoca.com\/ternera-artesanal\/#primaryimage"},"thumbnailUrl":"https:\/\/carniceriamacoca.com\/wp-content\/uploads\/2025\/03\/18682-1024x757.jpg","datePublished":"2025-03-21T10:27:12+00:00","dateModified":"2025-03-21T17:05:34+00:00","breadcrumb":{"@id":"https:\/\/carniceriamacoca.com\/ternera-artesanal\/#breadcrumb"},"inLanguage":"en-GB","potentialAction":[{"@type":"ReadAction","target":["https:\/\/carniceriamacoca.com\/ternera-artesanal\/"]}]},{"@type":"ImageObject","inLanguage":"en-GB","@id":"https:\/\/carniceriamacoca.com\/ternera-artesanal\/#primaryimage","url":"https:\/\/carniceriamacoca.com\/wp-content\/uploads\/2025\/03\/18682-1024x757.jpg","contentUrl":"https:\/\/carniceriamacoca.com\/wp-content\/uploads\/2025\/03\/18682-1024x757.jpg"},{"@type":"BreadcrumbList","@id":"https:\/\/carniceriamacoca.com\/ternera-artesanal\/#breadcrumb","itemListElement":[{"@type":"ListItem","position":1,"name":"Portada","item":"https:\/\/carniceriamacoca.com\/"},{"@type":"ListItem","position":2,"name":"Ternera Artesanal"}]},{"@type":"WebSite","@id":"https:\/\/carniceriamacoca.com\/#website","url":"https:\/\/carniceriamacoca.com\/","name":"Carnicer\u00eda Macoca","description":"Carnicer\u00eda y charcuter\u00eda","publisher":{"@id":"https:\/\/carniceriamacoca.com\/#organization"},"potentialAction":[{"@type":"SearchAction","target":{"@type":"EntryPoint","urlTemplate":"https:\/\/carniceriamacoca.com\/?s={search_term_string}"},"query-input":{"@type":"PropertyValueSpecification","valueRequired":true,"valueName":"search_term_string"}}],"inLanguage":"en-GB"},{"@type":"Organization","@id":"https:\/\/carniceriamacoca.com\/#organization","name":"Carnicer\u00eda Macoca","url":"https:\/\/carniceriamacoca.com\/","logo":{"@type":"ImageObject","inLanguage":"en-GB","@id":"https:\/\/carniceriamacoca.com\/#\/schema\/logo\/image\/","url":"https:\/\/carniceriamacoca.com\/wp-content\/uploads\/2025\/03\/cropped-Logo-carniceria-02.png","contentUrl":"https:\/\/carniceriamacoca.com\/wp-content\/uploads\/2025\/03\/cropped-Logo-carniceria-02.png","width":1558,"height":1440,"caption":"Carnicer\u00eda Macoca "},"image":{"@id":"https:\/\/carniceriamacoca.com\/#\/schema\/logo\/image\/"}}]}},"_links":{"self":[{"href":"https:\/\/carniceriamacoca.com\/en\/wp-json\/wp\/v2\/pages\/427","targetHints":{"allow":["GET"]}}],"collection":[{"href":"https:\/\/carniceriamacoca.com\/en\/wp-json\/wp\/v2\/pages"}],"about":[{"href":"https:\/\/carniceriamacoca.com\/en\/wp-json\/wp\/v2\/types\/page"}],"author":[{"embeddable":true,"href":"https:\/\/carniceriamacoca.com\/en\/wp-json\/wp\/v2\/users\/1"}],"replies":[{"embeddable":true,"href":"https:\/\/carniceriamacoca.com\/en\/wp-json\/wp\/v2\/comments?post=427"}],"version-history":[{"count":10,"href":"https:\/\/carniceriamacoca.com\/en\/wp-json\/wp\/v2\/pages\/427\/revisions"}],"predecessor-version":[{"id":966,"href":"https:\/\/carniceriamacoca.com\/en\/wp-json\/wp\/v2\/pages\/427\/revisions\/966"}],"wp:attachment":[{"href":"https:\/\/carniceriamacoca.com\/en\/wp-json\/wp\/v2\/media?parent=427"}],"curies":[{"name":"wp","href":"https:\/\/api.w.org\/{rel}","templated":true}]}}