{"id":406,"date":"2025-03-21T10:19:37","date_gmt":"2025-03-21T10:19:37","guid":{"rendered":"https:\/\/carniceriamacoca.rkinformatika.online\/?page_id=406"},"modified":"2025-03-21T17:04:55","modified_gmt":"2025-03-21T17:04:55","slug":"hamburguesas","status":"publish","type":"page","link":"https:\/\/carniceriamacoca.com\/en\/hamburguesas\/","title":{"rendered":"Burgers"},"content":{"rendered":"<div data-elementor-type=\"wp-post\" data-elementor-id=\"406\" class=\"elementor elementor-406\" data-elementor-post-type=\"page\">\n\t\t\t\t\t\t<section class=\"elementor-section elementor-top-section elementor-element elementor-element-4142a9df elementor-section-height-min-height elementor-section-boxed elementor-section-height-default elementor-section-items-middle\" data-id=\"4142a9df\" data-element_type=\"section\" data-settings=\"{&quot;background_background&quot;:&quot;classic&quot;}\">\n\t\t\t\t\t\t\t<div class=\"elementor-background-overlay\"><\/div>\n\t\t\t\t\t\t\t<div class=\"elementor-container elementor-column-gap-default\">\n\t\t\t\t\t<div class=\"elementor-column elementor-col-100 elementor-top-column elementor-element elementor-element-1a1bfd21\" data-id=\"1a1bfd21\" data-element_type=\"column\">\n\t\t\t<div class=\"elementor-widget-wrap elementor-element-populated\">\n\t\t\t\t\t\t<div class=\"elementor-element elementor-element-3505811e elementor-widget elementor-widget-heading\" data-id=\"3505811e\" data-element_type=\"widget\" data-widget_type=\"heading.default\">\n\t\t\t\t<div class=\"elementor-widget-container\">\n\t\t\t\t\t<h2 class=\"elementor-heading-title elementor-size-default\">hamburguesa<\/h2>\t\t\t\t<\/div>\n\t\t\t\t<\/div>\n\t\t\t\t\t<\/div>\n\t\t<\/div>\n\t\t\t\t\t<\/div>\n\t\t<\/section>\n\t\t<div class=\"elementor-element elementor-element-c2f449a e-flex e-con-boxed e-con e-parent\" data-id=\"c2f449a\" data-element_type=\"container\">\n\t\t\t\t\t<div class=\"e-con-inner\">\n\t\t<div class=\"elementor-element elementor-element-700e402 e-con-full e-flex e-con e-child\" data-id=\"700e402\" data-element_type=\"container\" data-settings=\"{&quot;background_background&quot;:&quot;classic&quot;}\">\n\t\t\t\t<div class=\"elementor-element elementor-element-74191f8 elementor-invisible elementor-widget elementor-widget-image\" data-id=\"74191f8\" data-element_type=\"widget\" data-settings=\"{&quot;_animation&quot;:&quot;bounceInLeft&quot;}\" data-widget_type=\"image.default\">\n\t\t\t\t<div class=\"elementor-widget-container\">\n\t\t\t\t\t\t\t\t\t\t\t\t\t\t\t<img fetchpriority=\"high\" decoding=\"async\" width=\"800\" height=\"533\" src=\"https:\/\/carniceriamacoca.com\/wp-content\/uploads\/2025\/03\/2148868246-1024x682.jpg\" class=\"attachment-large size-large wp-image-408\" alt=\"\" srcset=\"https:\/\/carniceriamacoca.com\/wp-content\/uploads\/2025\/03\/2148868246-1024x682.jpg 1024w, https:\/\/carniceriamacoca.com\/wp-content\/uploads\/2025\/03\/2148868246-300x200.jpg 300w, https:\/\/carniceriamacoca.com\/wp-content\/uploads\/2025\/03\/2148868246-768x512.jpg 768w, https:\/\/carniceriamacoca.com\/wp-content\/uploads\/2025\/03\/2148868246-1536x1024.jpg 1536w, https:\/\/carniceriamacoca.com\/wp-content\/uploads\/2025\/03\/2148868246-18x12.jpg 18w, https:\/\/carniceriamacoca.com\/wp-content\/uploads\/2025\/03\/2148868246.jpg 2000w\" sizes=\"(max-width: 800px) 100vw, 800px\" \/>\t\t\t\t\t\t\t\t\t\t\t\t\t\t\t<\/div>\n\t\t\t\t<\/div>\n\t\t\t\t<\/div>\n\t\t<div class=\"elementor-element elementor-element-d63db9a e-con-full e-flex e-con e-child\" data-id=\"d63db9a\" data-element_type=\"container\" data-settings=\"{&quot;background_background&quot;:&quot;classic&quot;}\">\n\t\t\t\t<div class=\"elementor-element elementor-element-8284413 elementor-widget elementor-widget-heading\" data-id=\"8284413\" data-element_type=\"widget\" data-widget_type=\"heading.default\">\n\t\t\t\t<div class=\"elementor-widget-container\">\n\t\t\t\t\t<h2 class=\"elementor-heading-title elementor-size-default\">Hamburguesa de Ternera<\/h2>\t\t\t\t<\/div>\n\t\t\t\t<\/div>\n\t\t\t\t<div class=\"elementor-element elementor-element-c695311 elementor-widget elementor-widget-text-editor\" data-id=\"c695311\" data-element_type=\"widget\" data-widget_type=\"text-editor.default\">\n\t\t\t\t<div class=\"elementor-widget-container\">\n\t\t\t\t\t\t\t\t\t<p>Nuestra Hamburguesa de Ternera est\u00e1 elaborada con carne de ternera de la m\u00e1s alta calidad, seleccionada cuidadosamente para ofrecer un sabor jugoso y tierno en cada bocado. La carne, 100% natural y sin aditivos, es molida y formada a mano para asegurar la mejor textura y frescura.<\/p>\t\t\t\t\t\t\t\t<\/div>\n\t\t\t\t<\/div>\n\t\t\t\t<\/div>\n\t\t\t\t\t<\/div>\n\t\t\t\t<\/div>\n\t\t<div class=\"elementor-element elementor-element-4ceb02e e-flex e-con-boxed e-con e-parent\" data-id=\"4ceb02e\" data-element_type=\"container\">\n\t\t\t\t\t<div class=\"e-con-inner\">\n\t\t<div class=\"elementor-element elementor-element-be9b4a9 e-con-full e-flex e-con e-child\" data-id=\"be9b4a9\" data-element_type=\"container\" data-settings=\"{&quot;background_background&quot;:&quot;classic&quot;}\">\n\t\t\t\t<div class=\"elementor-element elementor-element-95661ac elementor-invisible elementor-widget elementor-widget-image\" data-id=\"95661ac\" data-element_type=\"widget\" data-settings=\"{&quot;_animation&quot;:&quot;bounceInLeft&quot;}\" data-widget_type=\"image.default\">\n\t\t\t\t<div class=\"elementor-widget-container\">\n\t\t\t\t\t\t\t\t\t\t\t\t\t\t\t<img decoding=\"async\" width=\"800\" height=\"533\" src=\"https:\/\/carniceriamacoca.com\/wp-content\/uploads\/2025\/03\/2148575441-1024x682.jpg\" class=\"attachment-large size-large wp-image-410\" alt=\"\" srcset=\"https:\/\/carniceriamacoca.com\/wp-content\/uploads\/2025\/03\/2148575441-1024x682.jpg 1024w, https:\/\/carniceriamacoca.com\/wp-content\/uploads\/2025\/03\/2148575441-300x200.jpg 300w, https:\/\/carniceriamacoca.com\/wp-content\/uploads\/2025\/03\/2148575441-768x512.jpg 768w, https:\/\/carniceriamacoca.com\/wp-content\/uploads\/2025\/03\/2148575441-1536x1024.jpg 1536w, https:\/\/carniceriamacoca.com\/wp-content\/uploads\/2025\/03\/2148575441-18x12.jpg 18w, https:\/\/carniceriamacoca.com\/wp-content\/uploads\/2025\/03\/2148575441.jpg 2000w\" sizes=\"(max-width: 800px) 100vw, 800px\" \/>\t\t\t\t\t\t\t\t\t\t\t\t\t\t\t<\/div>\n\t\t\t\t<\/div>\n\t\t\t\t<\/div>\n\t\t<div class=\"elementor-element elementor-element-a974a90 e-con-full e-flex e-con e-child\" data-id=\"a974a90\" data-element_type=\"container\" data-settings=\"{&quot;background_background&quot;:&quot;classic&quot;}\">\n\t\t\t\t<div class=\"elementor-element elementor-element-3dbfd6b elementor-widget elementor-widget-heading\" data-id=\"3dbfd6b\" data-element_type=\"widget\" data-widget_type=\"heading.default\">\n\t\t\t\t<div class=\"elementor-widget-container\">\n\t\t\t\t\t<h2 class=\"elementor-heading-title elementor-size-default\">Hamburguesa de Cerdo<\/h2>\t\t\t\t<\/div>\n\t\t\t\t<\/div>\n\t\t\t\t<div class=\"elementor-element elementor-element-f9f2161 elementor-widget elementor-widget-text-editor\" data-id=\"f9f2161\" data-element_type=\"widget\" data-widget_type=\"text-editor.default\">\n\t\t\t\t<div class=\"elementor-widget-container\">\n\t\t\t\t\t\t\t\t\t<p data-start=\"62\" data-end=\"397\">\u00a0<\/p><p data-start=\"39\" data-end=\"262\">Nuestra Hamburguesa de Cerdo est\u00e1 hecha con carne de cerdo seleccionada, de sabor suave y jugoso. Con una receta especial que realza la ternura de la carne, cada bocado te sorprender\u00e1 por su textura y sabor aut\u00e9ntico.<\/p><p data-start=\"264\" data-end=\"620\">Elaborada de manera artesanal, esta hamburguesa se puede disfrutar sola o acompa\u00f1ada de tus ingredientes favoritos, como cebolla caramelizada, queso fundido, o una salsa barbacoa para darle un toque a\u00fan m\u00e1s sabroso. Perfecta para quienes buscan una alternativa diferente a la tradicional hamburguesa de ternera, pero sin perder la esencia del buen comer.<\/p>\t\t\t\t\t\t\t\t<\/div>\n\t\t\t\t<\/div>\n\t\t\t\t<\/div>\n\t\t\t\t\t<\/div>\n\t\t\t\t<\/div>\n\t\t<div class=\"elementor-element elementor-element-960ebf5 e-flex e-con-boxed e-con e-parent\" data-id=\"960ebf5\" data-element_type=\"container\">\n\t\t\t\t\t<div class=\"e-con-inner\">\n\t\t<div class=\"elementor-element elementor-element-44ce91e e-con-full e-flex e-con e-child\" data-id=\"44ce91e\" data-element_type=\"container\" data-settings=\"{&quot;background_background&quot;:&quot;classic&quot;}\">\n\t\t\t\t<div class=\"elementor-element elementor-element-5260190 elementor-invisible elementor-widget elementor-widget-image\" data-id=\"5260190\" data-element_type=\"widget\" data-settings=\"{&quot;_animation&quot;:&quot;bounceInLeft&quot;}\" data-widget_type=\"image.default\">\n\t\t\t\t<div class=\"elementor-widget-container\">\n\t\t\t\t\t\t\t\t\t\t\t\t\t\t\t<img decoding=\"async\" width=\"800\" height=\"533\" src=\"https:\/\/carniceriamacoca.com\/wp-content\/uploads\/2025\/03\/4883-1024x682.jpg\" class=\"attachment-large size-large wp-image-411\" alt=\"\" srcset=\"https:\/\/carniceriamacoca.com\/wp-content\/uploads\/2025\/03\/4883-1024x682.jpg 1024w, https:\/\/carniceriamacoca.com\/wp-content\/uploads\/2025\/03\/4883-300x200.jpg 300w, https:\/\/carniceriamacoca.com\/wp-content\/uploads\/2025\/03\/4883-768x512.jpg 768w, https:\/\/carniceriamacoca.com\/wp-content\/uploads\/2025\/03\/4883-1536x1024.jpg 1536w, https:\/\/carniceriamacoca.com\/wp-content\/uploads\/2025\/03\/4883-18x12.jpg 18w, https:\/\/carniceriamacoca.com\/wp-content\/uploads\/2025\/03\/4883.jpg 2000w\" sizes=\"(max-width: 800px) 100vw, 800px\" \/>\t\t\t\t\t\t\t\t\t\t\t\t\t\t\t<\/div>\n\t\t\t\t<\/div>\n\t\t\t\t<\/div>\n\t\t<div class=\"elementor-element elementor-element-5611d68 e-con-full e-flex e-con e-child\" data-id=\"5611d68\" data-element_type=\"container\" data-settings=\"{&quot;background_background&quot;:&quot;classic&quot;}\">\n\t\t\t\t<div class=\"elementor-element elementor-element-8616a66 elementor-widget elementor-widget-heading\" data-id=\"8616a66\" data-element_type=\"widget\" data-widget_type=\"heading.default\">\n\t\t\t\t<div class=\"elementor-widget-container\">\n\t\t\t\t\t<h2 class=\"elementor-heading-title elementor-size-default\">Hamburguesa de Vaca<\/h2>\t\t\t\t<\/div>\n\t\t\t\t<\/div>\n\t\t\t\t<div class=\"elementor-element elementor-element-c653074 elementor-widget elementor-widget-text-editor\" data-id=\"c653074\" data-element_type=\"widget\" data-widget_type=\"text-editor.default\">\n\t\t\t\t<div class=\"elementor-widget-container\">\n\t\t\t\t\t\t\t\t\t<p data-start=\"62\" data-end=\"397\">\u00a0<\/p><p data-start=\"38\" data-end=\"334\">Nuestra Hamburguesa de Vaca est\u00e1 elaborada con carne de vaca 100% premium, seleccionada para ofrecerte un sabor intenso y una textura jugosa. La carne se muele y se forma artesanalmente, asegurando que cada hamburguesa tenga la consistencia perfecta para una experiencia gastron\u00f3mica \u00fanica.<\/p><p data-start=\"336\" data-end=\"706\">El sabor de la carne de vaca, con su caracter\u00edstico toque de terneza y jugosidad, se realza al m\u00e1ximo con ingredientes frescos y de calidad. Puedes acompa\u00f1arla con queso cheddar derretido, bacon crujiente, lechuga fresca y una salsa especial de la casa para hacerla a\u00fan m\u00e1s deliciosa. Ideal para disfrutar en una comida familiar, una parrillada o una ocasi\u00f3n especial.<\/p>\t\t\t\t\t\t\t\t<\/div>\n\t\t\t\t<\/div>\n\t\t\t\t<\/div>\n\t\t\t\t\t<\/div>\n\t\t\t\t<\/div>\n\t\t\t\t<\/div>","protected":false},"excerpt":{"rendered":"<p>hamburguesa Hamburguesa de Ternera Nuestra Hamburguesa de Ternera est\u00e1 elaborada con carne de ternera de la m\u00e1s alta calidad, seleccionada cuidadosamente para ofrecer un sabor jugoso y tierno en cada bocado. La carne, 100% natural y sin aditivos, es molida y formada a mano para asegurar la mejor textura y frescura. Hamburguesa de Cerdo \u00a0 [&hellip;]<\/p>","protected":false},"author":1,"featured_media":0,"parent":0,"menu_order":0,"comment_status":"closed","ping_status":"closed","template":"elementor_canvas","meta":{"footnotes":""},"class_list":["post-406","page","type-page","status-publish","hentry"],"yoast_head":"<!-- This site is optimized with the Yoast SEO plugin v26.4 - https:\/\/yoast.com\/wordpress\/plugins\/seo\/ -->\n<title>Hamburguesas - Carnicer\u00eda Macoca<\/title>\n<meta name=\"robots\" content=\"index, follow, max-snippet:-1, max-image-preview:large, max-video-preview:-1\" \/>\n<link rel=\"canonical\" href=\"https:\/\/carniceriamacoca.com\/en\/hamburguesas\/\" \/>\n<meta property=\"og:locale\" content=\"en_GB\" \/>\n<meta property=\"og:type\" content=\"article\" \/>\n<meta property=\"og:title\" content=\"Hamburguesas - Carnicer\u00eda Macoca\" \/>\n<meta property=\"og:description\" content=\"hamburguesa Hamburguesa de Ternera Nuestra Hamburguesa de Ternera est\u00e1 elaborada con carne de ternera de la m\u00e1s alta calidad, seleccionada cuidadosamente para ofrecer un sabor jugoso y tierno en cada bocado. La carne, 100% natural y sin aditivos, es molida y formada a mano para asegurar la mejor textura y frescura. Hamburguesa de Cerdo \u00a0 [&hellip;]\" \/>\n<meta property=\"og:url\" content=\"https:\/\/carniceriamacoca.com\/en\/hamburguesas\/\" \/>\n<meta property=\"og:site_name\" content=\"Carnicer\u00eda Macoca\" \/>\n<meta property=\"article:modified_time\" content=\"2025-03-21T17:04:55+00:00\" \/>\n<meta property=\"og:image\" content=\"https:\/\/carniceriamacoca.com\/wp-content\/uploads\/2025\/03\/2148868246-1024x682.jpg\" \/>\n<meta name=\"twitter:card\" content=\"summary_large_image\" \/>\n<meta name=\"twitter:label1\" content=\"Estimated reading time\" \/>\n\t<meta name=\"twitter:data1\" content=\"2 minutes\" \/>\n<script type=\"application\/ld+json\" class=\"yoast-schema-graph\">{\"@context\":\"https:\/\/schema.org\",\"@graph\":[{\"@type\":\"WebPage\",\"@id\":\"https:\/\/carniceriamacoca.com\/hamburguesas\/\",\"url\":\"https:\/\/carniceriamacoca.com\/hamburguesas\/\",\"name\":\"Hamburguesas - Carnicer\u00eda Macoca\",\"isPartOf\":{\"@id\":\"https:\/\/carniceriamacoca.com\/#website\"},\"primaryImageOfPage\":{\"@id\":\"https:\/\/carniceriamacoca.com\/hamburguesas\/#primaryimage\"},\"image\":{\"@id\":\"https:\/\/carniceriamacoca.com\/hamburguesas\/#primaryimage\"},\"thumbnailUrl\":\"https:\/\/carniceriamacoca.com\/wp-content\/uploads\/2025\/03\/2148868246-1024x682.jpg\",\"datePublished\":\"2025-03-21T10:19:37+00:00\",\"dateModified\":\"2025-03-21T17:04:55+00:00\",\"breadcrumb\":{\"@id\":\"https:\/\/carniceriamacoca.com\/hamburguesas\/#breadcrumb\"},\"inLanguage\":\"en-GB\",\"potentialAction\":[{\"@type\":\"ReadAction\",\"target\":[\"https:\/\/carniceriamacoca.com\/hamburguesas\/\"]}]},{\"@type\":\"ImageObject\",\"inLanguage\":\"en-GB\",\"@id\":\"https:\/\/carniceriamacoca.com\/hamburguesas\/#primaryimage\",\"url\":\"https:\/\/carniceriamacoca.com\/wp-content\/uploads\/2025\/03\/2148868246-1024x682.jpg\",\"contentUrl\":\"https:\/\/carniceriamacoca.com\/wp-content\/uploads\/2025\/03\/2148868246-1024x682.jpg\"},{\"@type\":\"BreadcrumbList\",\"@id\":\"https:\/\/carniceriamacoca.com\/hamburguesas\/#breadcrumb\",\"itemListElement\":[{\"@type\":\"ListItem\",\"position\":1,\"name\":\"Portada\",\"item\":\"https:\/\/carniceriamacoca.com\/\"},{\"@type\":\"ListItem\",\"position\":2,\"name\":\"Hamburguesas\"}]},{\"@type\":\"WebSite\",\"@id\":\"https:\/\/carniceriamacoca.com\/#website\",\"url\":\"https:\/\/carniceriamacoca.com\/\",\"name\":\"Carnicer\u00eda Macoca\",\"description\":\"Carnicer\u00eda y charcuter\u00eda \",\"publisher\":{\"@id\":\"https:\/\/carniceriamacoca.com\/#organization\"},\"potentialAction\":[{\"@type\":\"SearchAction\",\"target\":{\"@type\":\"EntryPoint\",\"urlTemplate\":\"https:\/\/carniceriamacoca.com\/?s={search_term_string}\"},\"query-input\":{\"@type\":\"PropertyValueSpecification\",\"valueRequired\":true,\"valueName\":\"search_term_string\"}}],\"inLanguage\":\"en-GB\"},{\"@type\":\"Organization\",\"@id\":\"https:\/\/carniceriamacoca.com\/#organization\",\"name\":\"Carnicer\u00eda Macoca\",\"url\":\"https:\/\/carniceriamacoca.com\/\",\"logo\":{\"@type\":\"ImageObject\",\"inLanguage\":\"en-GB\",\"@id\":\"https:\/\/carniceriamacoca.com\/#\/schema\/logo\/image\/\",\"url\":\"https:\/\/carniceriamacoca.com\/wp-content\/uploads\/2025\/03\/cropped-Logo-carniceria-02.png\",\"contentUrl\":\"https:\/\/carniceriamacoca.com\/wp-content\/uploads\/2025\/03\/cropped-Logo-carniceria-02.png\",\"width\":1558,\"height\":1440,\"caption\":\"Carnicer\u00eda Macoca \"},\"image\":{\"@id\":\"https:\/\/carniceriamacoca.com\/#\/schema\/logo\/image\/\"}}]}<\/script>\n<!-- \/ Yoast SEO plugin. -->","yoast_head_json":{"title":"Hamburguesas - Carnicer\u00eda Macoca","robots":{"index":"index","follow":"follow","max-snippet":"max-snippet:-1","max-image-preview":"max-image-preview:large","max-video-preview":"max-video-preview:-1"},"canonical":"https:\/\/carniceriamacoca.com\/en\/hamburguesas\/","og_locale":"en_GB","og_type":"article","og_title":"Hamburguesas - Carnicer\u00eda Macoca","og_description":"hamburguesa Hamburguesa de Ternera Nuestra Hamburguesa de Ternera est\u00e1 elaborada con carne de ternera de la m\u00e1s alta calidad, seleccionada cuidadosamente para ofrecer un sabor jugoso y tierno en cada bocado. La carne, 100% natural y sin aditivos, es molida y formada a mano para asegurar la mejor textura y frescura. Hamburguesa de Cerdo \u00a0 [&hellip;]","og_url":"https:\/\/carniceriamacoca.com\/en\/hamburguesas\/","og_site_name":"Carnicer\u00eda Macoca","article_modified_time":"2025-03-21T17:04:55+00:00","og_image":[{"url":"https:\/\/carniceriamacoca.com\/wp-content\/uploads\/2025\/03\/2148868246-1024x682.jpg","type":"","width":"","height":""}],"twitter_card":"summary_large_image","twitter_misc":{"Estimated reading time":"2 minutes"},"schema":{"@context":"https:\/\/schema.org","@graph":[{"@type":"WebPage","@id":"https:\/\/carniceriamacoca.com\/hamburguesas\/","url":"https:\/\/carniceriamacoca.com\/hamburguesas\/","name":"Hamburguesas - Carnicer\u00eda Macoca","isPartOf":{"@id":"https:\/\/carniceriamacoca.com\/#website"},"primaryImageOfPage":{"@id":"https:\/\/carniceriamacoca.com\/hamburguesas\/#primaryimage"},"image":{"@id":"https:\/\/carniceriamacoca.com\/hamburguesas\/#primaryimage"},"thumbnailUrl":"https:\/\/carniceriamacoca.com\/wp-content\/uploads\/2025\/03\/2148868246-1024x682.jpg","datePublished":"2025-03-21T10:19:37+00:00","dateModified":"2025-03-21T17:04:55+00:00","breadcrumb":{"@id":"https:\/\/carniceriamacoca.com\/hamburguesas\/#breadcrumb"},"inLanguage":"en-GB","potentialAction":[{"@type":"ReadAction","target":["https:\/\/carniceriamacoca.com\/hamburguesas\/"]}]},{"@type":"ImageObject","inLanguage":"en-GB","@id":"https:\/\/carniceriamacoca.com\/hamburguesas\/#primaryimage","url":"https:\/\/carniceriamacoca.com\/wp-content\/uploads\/2025\/03\/2148868246-1024x682.jpg","contentUrl":"https:\/\/carniceriamacoca.com\/wp-content\/uploads\/2025\/03\/2148868246-1024x682.jpg"},{"@type":"BreadcrumbList","@id":"https:\/\/carniceriamacoca.com\/hamburguesas\/#breadcrumb","itemListElement":[{"@type":"ListItem","position":1,"name":"Portada","item":"https:\/\/carniceriamacoca.com\/"},{"@type":"ListItem","position":2,"name":"Hamburguesas"}]},{"@type":"WebSite","@id":"https:\/\/carniceriamacoca.com\/#website","url":"https:\/\/carniceriamacoca.com\/","name":"Carnicer\u00eda Macoca","description":"Carnicer\u00eda y charcuter\u00eda","publisher":{"@id":"https:\/\/carniceriamacoca.com\/#organization"},"potentialAction":[{"@type":"SearchAction","target":{"@type":"EntryPoint","urlTemplate":"https:\/\/carniceriamacoca.com\/?s={search_term_string}"},"query-input":{"@type":"PropertyValueSpecification","valueRequired":true,"valueName":"search_term_string"}}],"inLanguage":"en-GB"},{"@type":"Organization","@id":"https:\/\/carniceriamacoca.com\/#organization","name":"Carnicer\u00eda Macoca","url":"https:\/\/carniceriamacoca.com\/","logo":{"@type":"ImageObject","inLanguage":"en-GB","@id":"https:\/\/carniceriamacoca.com\/#\/schema\/logo\/image\/","url":"https:\/\/carniceriamacoca.com\/wp-content\/uploads\/2025\/03\/cropped-Logo-carniceria-02.png","contentUrl":"https:\/\/carniceriamacoca.com\/wp-content\/uploads\/2025\/03\/cropped-Logo-carniceria-02.png","width":1558,"height":1440,"caption":"Carnicer\u00eda Macoca "},"image":{"@id":"https:\/\/carniceriamacoca.com\/#\/schema\/logo\/image\/"}}]}},"_links":{"self":[{"href":"https:\/\/carniceriamacoca.com\/en\/wp-json\/wp\/v2\/pages\/406","targetHints":{"allow":["GET"]}}],"collection":[{"href":"https:\/\/carniceriamacoca.com\/en\/wp-json\/wp\/v2\/pages"}],"about":[{"href":"https:\/\/carniceriamacoca.com\/en\/wp-json\/wp\/v2\/types\/page"}],"author":[{"embeddable":true,"href":"https:\/\/carniceriamacoca.com\/en\/wp-json\/wp\/v2\/users\/1"}],"replies":[{"embeddable":true,"href":"https:\/\/carniceriamacoca.com\/en\/wp-json\/wp\/v2\/comments?post=406"}],"version-history":[{"count":28,"href":"https:\/\/carniceriamacoca.com\/en\/wp-json\/wp\/v2\/pages\/406\/revisions"}],"predecessor-version":[{"id":962,"href":"https:\/\/carniceriamacoca.com\/en\/wp-json\/wp\/v2\/pages\/406\/revisions\/962"}],"wp:attachment":[{"href":"https:\/\/carniceriamacoca.com\/en\/wp-json\/wp\/v2\/media?parent=406"}],"curies":[{"name":"wp","href":"https:\/\/api.w.org\/{rel}","templated":true}]}}