{"id":373,"date":"2025-03-21T10:02:48","date_gmt":"2025-03-21T10:02:48","guid":{"rendered":"https:\/\/carniceriamacoca.rkinformatika.online\/?page_id=373"},"modified":"2025-03-21T17:03:51","modified_gmt":"2025-03-21T17:03:51","slug":"embutidos-artesanos","status":"publish","type":"page","link":"https:\/\/carniceriamacoca.com\/en\/embutidos-artesanos\/","title":{"rendered":"Embutidos Artesanos\u200b"},"content":{"rendered":"<div data-elementor-type=\"wp-post\" data-elementor-id=\"373\" class=\"elementor elementor-373\" data-elementor-post-type=\"page\">\n\t\t\t\t\t\t<section class=\"elementor-section elementor-top-section elementor-element elementor-element-4142a9df elementor-section-height-min-height elementor-section-boxed elementor-section-height-default elementor-section-items-middle\" data-id=\"4142a9df\" data-element_type=\"section\" data-settings=\"{&quot;background_background&quot;:&quot;classic&quot;}\">\n\t\t\t\t\t\t\t<div class=\"elementor-background-overlay\"><\/div>\n\t\t\t\t\t\t\t<div class=\"elementor-container elementor-column-gap-default\">\n\t\t\t\t\t<div class=\"elementor-column elementor-col-100 elementor-top-column elementor-element elementor-element-1a1bfd21\" data-id=\"1a1bfd21\" data-element_type=\"column\">\n\t\t\t<div class=\"elementor-widget-wrap elementor-element-populated\">\n\t\t\t\t\t\t<div class=\"elementor-element elementor-element-3505811e elementor-widget elementor-widget-heading\" data-id=\"3505811e\" data-element_type=\"widget\" data-widget_type=\"heading.default\">\n\t\t\t\t<div class=\"elementor-widget-container\">\n\t\t\t\t\t<h2 class=\"elementor-heading-title elementor-size-default\">EMbutido<\/h2>\t\t\t\t<\/div>\n\t\t\t\t<\/div>\n\t\t\t\t\t<\/div>\n\t\t<\/div>\n\t\t\t\t\t<\/div>\n\t\t<\/section>\n\t\t<div class=\"elementor-element elementor-element-c2f449a e-flex e-con-boxed e-con e-parent\" data-id=\"c2f449a\" data-element_type=\"container\">\n\t\t\t\t\t<div class=\"e-con-inner\">\n\t\t<div class=\"elementor-element elementor-element-700e402 e-con-full e-flex e-con e-child\" data-id=\"700e402\" data-element_type=\"container\" data-settings=\"{&quot;background_background&quot;:&quot;classic&quot;}\">\n\t\t\t\t<div class=\"elementor-element elementor-element-74191f8 elementor-invisible elementor-widget elementor-widget-image\" data-id=\"74191f8\" data-element_type=\"widget\" data-settings=\"{&quot;_animation&quot;:&quot;bounceInLeft&quot;}\" data-widget_type=\"image.default\">\n\t\t\t\t<div class=\"elementor-widget-container\">\n\t\t\t\t\t\t\t\t\t\t\t\t\t\t\t<img fetchpriority=\"high\" decoding=\"async\" width=\"800\" height=\"520\" src=\"https:\/\/carniceriamacoca.com\/wp-content\/uploads\/2025\/03\/2830-1024x666.jpg\" class=\"attachment-large size-large wp-image-375\" alt=\"\" srcset=\"https:\/\/carniceriamacoca.com\/wp-content\/uploads\/2025\/03\/2830-1024x666.jpg 1024w, https:\/\/carniceriamacoca.com\/wp-content\/uploads\/2025\/03\/2830-300x195.jpg 300w, https:\/\/carniceriamacoca.com\/wp-content\/uploads\/2025\/03\/2830-768x499.jpg 768w, https:\/\/carniceriamacoca.com\/wp-content\/uploads\/2025\/03\/2830-1536x998.jpg 1536w, https:\/\/carniceriamacoca.com\/wp-content\/uploads\/2025\/03\/2830-18x12.jpg 18w, https:\/\/carniceriamacoca.com\/wp-content\/uploads\/2025\/03\/2830.jpg 2000w\" sizes=\"(max-width: 800px) 100vw, 800px\" \/>\t\t\t\t\t\t\t\t\t\t\t\t\t\t\t<\/div>\n\t\t\t\t<\/div>\n\t\t\t\t<\/div>\n\t\t<div class=\"elementor-element elementor-element-d63db9a e-con-full e-flex e-con e-child\" data-id=\"d63db9a\" data-element_type=\"container\" data-settings=\"{&quot;background_background&quot;:&quot;classic&quot;}\">\n\t\t\t\t<div class=\"elementor-element elementor-element-8284413 elementor-widget elementor-widget-heading\" data-id=\"8284413\" data-element_type=\"widget\" data-widget_type=\"heading.default\">\n\t\t\t\t<div class=\"elementor-widget-container\">\n\t\t\t\t\t<h2 class=\"elementor-heading-title elementor-size-default\">Chorizo Ib\u00e9rico<\/h2>\t\t\t\t<\/div>\n\t\t\t\t<\/div>\n\t\t\t\t<div class=\"elementor-element elementor-element-c695311 elementor-widget elementor-widget-text-editor\" data-id=\"c695311\" data-element_type=\"widget\" data-widget_type=\"text-editor.default\">\n\t\t\t\t<div class=\"elementor-widget-container\">\n\t\t\t\t\t\t\t\t\t<p>Nuestro chorizo ib\u00e9rico es un manjar elaborado de manera artesanal, siguiendo las recetas m\u00e1s tradicionales para garantizar un sabor aut\u00e9ntico. Hecho con carne de cerdo ib\u00e9rico de la m\u00e1s alta calidad, especiado con piment\u00f3n, ajo y otras hierbas naturales, nuestro chorizo tiene un equilibrio perfecto entre su sabor suave y picante, con una textura jugosa que se derrite en la boca.<\/p>\t\t\t\t\t\t\t\t<\/div>\n\t\t\t\t<\/div>\n\t\t\t\t<\/div>\n\t\t\t\t\t<\/div>\n\t\t\t\t<\/div>\n\t\t<div class=\"elementor-element elementor-element-4ceb02e e-flex e-con-boxed e-con e-parent\" data-id=\"4ceb02e\" data-element_type=\"container\">\n\t\t\t\t\t<div class=\"e-con-inner\">\n\t\t<div class=\"elementor-element elementor-element-be9b4a9 e-con-full e-flex e-con e-child\" data-id=\"be9b4a9\" data-element_type=\"container\" data-settings=\"{&quot;background_background&quot;:&quot;classic&quot;}\">\n\t\t\t\t<div class=\"elementor-element elementor-element-95661ac elementor-invisible elementor-widget elementor-widget-image\" data-id=\"95661ac\" data-element_type=\"widget\" data-settings=\"{&quot;_animation&quot;:&quot;bounceInLeft&quot;}\" data-widget_type=\"image.default\">\n\t\t\t\t<div class=\"elementor-widget-container\">\n\t\t\t\t\t\t\t\t\t\t\t\t\t\t\t<img decoding=\"async\" width=\"800\" height=\"600\" src=\"https:\/\/carniceriamacoca.com\/wp-content\/uploads\/2025\/03\/39487-1024x768.jpg\" class=\"attachment-large size-large wp-image-376\" alt=\"\" srcset=\"https:\/\/carniceriamacoca.com\/wp-content\/uploads\/2025\/03\/39487-1024x768.jpg 1024w, https:\/\/carniceriamacoca.com\/wp-content\/uploads\/2025\/03\/39487-300x225.jpg 300w, https:\/\/carniceriamacoca.com\/wp-content\/uploads\/2025\/03\/39487-768x576.jpg 768w, https:\/\/carniceriamacoca.com\/wp-content\/uploads\/2025\/03\/39487-1536x1152.jpg 1536w, https:\/\/carniceriamacoca.com\/wp-content\/uploads\/2025\/03\/39487-16x12.jpg 16w, https:\/\/carniceriamacoca.com\/wp-content\/uploads\/2025\/03\/39487.jpg 2000w\" sizes=\"(max-width: 800px) 100vw, 800px\" \/>\t\t\t\t\t\t\t\t\t\t\t\t\t\t\t<\/div>\n\t\t\t\t<\/div>\n\t\t\t\t<\/div>\n\t\t<div class=\"elementor-element elementor-element-a974a90 e-con-full e-flex e-con e-child\" data-id=\"a974a90\" data-element_type=\"container\" data-settings=\"{&quot;background_background&quot;:&quot;classic&quot;}\">\n\t\t\t\t<div class=\"elementor-element elementor-element-3dbfd6b elementor-widget elementor-widget-heading\" data-id=\"3dbfd6b\" data-element_type=\"widget\" data-widget_type=\"heading.default\">\n\t\t\t\t<div class=\"elementor-widget-container\">\n\t\t\t\t\t<h2 class=\"elementor-heading-title elementor-size-default\">Salchich\u00f3n Ib\u00e9rico<\/h2>\t\t\t\t<\/div>\n\t\t\t\t<\/div>\n\t\t\t\t<div class=\"elementor-element elementor-element-f9f2161 elementor-widget elementor-widget-text-editor\" data-id=\"f9f2161\" data-element_type=\"widget\" data-widget_type=\"text-editor.default\">\n\t\t\t\t<div class=\"elementor-widget-container\">\n\t\t\t\t\t\t\t\t\t<p data-start=\"62\" data-end=\"397\">El salchich\u00f3n ib\u00e9rico es uno de nuestros embutidos m\u00e1s refinados. Elaborado con carne de cerdo ib\u00e9rico seleccionada, nuestro salchich\u00f3n se cura lentamente con especias naturales como el piment\u00f3n y el ajo, lo que le da una textura suave y un sabor equilibrado, perfecto para disfrutar en cada bocado.<\/p><p data-start=\"399\" data-end=\"711\">Su delicado sabor, combinado con su firmeza al corte, lo convierte en el embutido ideal para acompa\u00f1ar tapas, tablas de embutidos o simplemente para disfrutarlo solo, en su m\u00e1xima expresi\u00f3n. El salchich\u00f3n ib\u00e9rico es perfecto para aquellos que buscan un producto de calidad que resalte en cualquier ocasi\u00f3n.<\/p>\t\t\t\t\t\t\t\t<\/div>\n\t\t\t\t<\/div>\n\t\t\t\t<\/div>\n\t\t\t\t\t<\/div>\n\t\t\t\t<\/div>\n\t\t<div class=\"elementor-element elementor-element-82eade2 e-flex e-con-boxed e-con e-parent\" data-id=\"82eade2\" data-element_type=\"container\">\n\t\t\t\t\t<div class=\"e-con-inner\">\n\t\t<div class=\"elementor-element elementor-element-6217511 e-con-full e-flex e-con e-child\" data-id=\"6217511\" data-element_type=\"container\" data-settings=\"{&quot;background_background&quot;:&quot;classic&quot;}\">\n\t\t\t\t<div class=\"elementor-element elementor-element-3757fba elementor-invisible elementor-widget elementor-widget-image\" data-id=\"3757fba\" data-element_type=\"widget\" data-settings=\"{&quot;_animation&quot;:&quot;bounceInLeft&quot;}\" data-widget_type=\"image.default\">\n\t\t\t\t<div class=\"elementor-widget-container\">\n\t\t\t\t\t\t\t\t\t\t\t\t\t\t\t<img decoding=\"async\" width=\"800\" height=\"539\" src=\"https:\/\/carniceriamacoca.com\/wp-content\/uploads\/2025\/03\/1057-1024x690.jpg\" class=\"attachment-large size-large wp-image-378\" alt=\"\" srcset=\"https:\/\/carniceriamacoca.com\/wp-content\/uploads\/2025\/03\/1057-1024x690.jpg 1024w, https:\/\/carniceriamacoca.com\/wp-content\/uploads\/2025\/03\/1057-300x202.jpg 300w, https:\/\/carniceriamacoca.com\/wp-content\/uploads\/2025\/03\/1057-768x518.jpg 768w, https:\/\/carniceriamacoca.com\/wp-content\/uploads\/2025\/03\/1057-1536x1035.jpg 1536w, https:\/\/carniceriamacoca.com\/wp-content\/uploads\/2025\/03\/1057-18x12.jpg 18w, https:\/\/carniceriamacoca.com\/wp-content\/uploads\/2025\/03\/1057.jpg 2000w\" sizes=\"(max-width: 800px) 100vw, 800px\" \/>\t\t\t\t\t\t\t\t\t\t\t\t\t\t\t<\/div>\n\t\t\t\t<\/div>\n\t\t\t\t<\/div>\n\t\t<div class=\"elementor-element elementor-element-6344be6 e-con-full e-flex e-con e-child\" data-id=\"6344be6\" data-element_type=\"container\" data-settings=\"{&quot;background_background&quot;:&quot;classic&quot;}\">\n\t\t\t\t<div class=\"elementor-element elementor-element-5fb708c elementor-widget elementor-widget-heading\" data-id=\"5fb708c\" data-element_type=\"widget\" data-widget_type=\"heading.default\">\n\t\t\t\t<div class=\"elementor-widget-container\">\n\t\t\t\t\t<h2 class=\"elementor-heading-title elementor-size-default\">Morcilla<\/h2>\t\t\t\t<\/div>\n\t\t\t\t<\/div>\n\t\t\t\t<div class=\"elementor-element elementor-element-ca48a39 elementor-widget elementor-widget-text-editor\" data-id=\"ca48a39\" data-element_type=\"widget\" data-widget_type=\"text-editor.default\">\n\t\t\t\t<div class=\"elementor-widget-container\">\n\t\t\t\t\t\t\t\t\t<p data-start=\"69\" data-end=\"365\">La morcilla es un embutido tradicional que destaca por su sabor \u00fanico y profundo. Elaborada de manera artesanal con arroz, cebolla y especias, la morcilla se curra con esmero, brindando una textura suave y un gusto caracter\u00edstico que la hace irresistible.<\/p><p data-start=\"367\" data-end=\"595\">Este manjar de nuestra tierra es ideal para disfrutar a la parrilla, en guisos, o como un aperitivo delicioso en una buena tapa. Su sabor intenso y su jugosidad hacen que cada bocado sea una verdadera experiencia gastron\u00f3mica.<\/p>\t\t\t\t\t\t\t\t<\/div>\n\t\t\t\t<\/div>\n\t\t\t\t<\/div>\n\t\t\t\t\t<\/div>\n\t\t\t\t<\/div>\n\t\t<div class=\"elementor-element elementor-element-31682b8 e-flex e-con-boxed e-con e-parent\" data-id=\"31682b8\" data-element_type=\"container\">\n\t\t\t\t\t<div class=\"e-con-inner\">\n\t\t<div class=\"elementor-element elementor-element-350ae6f e-con-full e-flex e-con e-child\" data-id=\"350ae6f\" data-element_type=\"container\" data-settings=\"{&quot;background_background&quot;:&quot;classic&quot;}\">\n\t\t\t\t<div class=\"elementor-element elementor-element-7d3ceaf elementor-invisible elementor-widget elementor-widget-image\" data-id=\"7d3ceaf\" data-element_type=\"widget\" data-settings=\"{&quot;_animation&quot;:&quot;bounceInLeft&quot;}\" data-widget_type=\"image.default\">\n\t\t\t\t<div class=\"elementor-widget-container\">\n\t\t\t\t\t\t\t\t\t\t\t\t\t\t\t<img loading=\"lazy\" decoding=\"async\" width=\"800\" height=\"533\" src=\"https:\/\/carniceriamacoca.com\/wp-content\/uploads\/2025\/03\/86-1024x682.jpg\" class=\"attachment-large size-large wp-image-379\" alt=\"\" srcset=\"https:\/\/carniceriamacoca.com\/wp-content\/uploads\/2025\/03\/86-1024x682.jpg 1024w, https:\/\/carniceriamacoca.com\/wp-content\/uploads\/2025\/03\/86-300x200.jpg 300w, https:\/\/carniceriamacoca.com\/wp-content\/uploads\/2025\/03\/86-768x512.jpg 768w, https:\/\/carniceriamacoca.com\/wp-content\/uploads\/2025\/03\/86-1536x1024.jpg 1536w, https:\/\/carniceriamacoca.com\/wp-content\/uploads\/2025\/03\/86-18x12.jpg 18w, https:\/\/carniceriamacoca.com\/wp-content\/uploads\/2025\/03\/86.jpg 2000w\" sizes=\"(max-width: 800px) 100vw, 800px\" \/>\t\t\t\t\t\t\t\t\t\t\t\t\t\t\t<\/div>\n\t\t\t\t<\/div>\n\t\t\t\t<\/div>\n\t\t<div class=\"elementor-element elementor-element-cc053f0 e-con-full e-flex e-con e-child\" data-id=\"cc053f0\" data-element_type=\"container\" data-settings=\"{&quot;background_background&quot;:&quot;classic&quot;}\">\n\t\t\t\t<div class=\"elementor-element elementor-element-760c6d5 elementor-widget elementor-widget-heading\" data-id=\"760c6d5\" data-element_type=\"widget\" data-widget_type=\"heading.default\">\n\t\t\t\t<div class=\"elementor-widget-container\">\n\t\t\t\t\t<h2 class=\"elementor-heading-title elementor-size-default\">Lomo embuchado<\/h2>\t\t\t\t<\/div>\n\t\t\t\t<\/div>\n\t\t\t\t<div class=\"elementor-element elementor-element-5b21f87 elementor-widget elementor-widget-text-editor\" data-id=\"5b21f87\" data-element_type=\"widget\" data-widget_type=\"text-editor.default\">\n\t\t\t\t<div class=\"elementor-widget-container\">\n\t\t\t\t\t\t\t\t\t<p data-start=\"57\" data-end=\"366\">Nuestro lomo embuchado es uno de los embutidos m\u00e1s apreciados por su sabor suave y delicado. Elaborado de manera artesanal con carne de cerdo ib\u00e9rico, se cura lentamente con una mezcla de especias naturales, lo que le otorga una textura firme y un sabor suave pero intenso.<\/p><p data-start=\"368\" data-end=\"655\">Este embutido, ideal para disfrutar en tapas o como parte de una tabla de embutidos, se caracteriza por su sabor sutilmente especiado, equilibrado y su excelente calidad. El lomo embuchado es perfecto tanto para un aperitivo refinado como para acompa\u00f1ar un buen vino o una cerveza.<\/p>\t\t\t\t\t\t\t\t<\/div>\n\t\t\t\t<\/div>\n\t\t\t\t<\/div>\n\t\t\t\t\t<\/div>\n\t\t\t\t<\/div>\n\t\t\t\t<\/div>","protected":false},"excerpt":{"rendered":"<p>EMbutido Chorizo Ib\u00e9rico Nuestro chorizo ib\u00e9rico es un manjar elaborado de manera artesanal, siguiendo las recetas m\u00e1s tradicionales para garantizar un sabor aut\u00e9ntico. Hecho con carne de cerdo ib\u00e9rico de la m\u00e1s alta calidad, especiado con piment\u00f3n, ajo y otras hierbas naturales, nuestro chorizo tiene un equilibrio perfecto entre su sabor suave y picante, con [&hellip;]<\/p>","protected":false},"author":1,"featured_media":0,"parent":0,"menu_order":0,"comment_status":"closed","ping_status":"closed","template":"elementor_canvas","meta":{"footnotes":""},"class_list":["post-373","page","type-page","status-publish","hentry"],"yoast_head":"<!-- This site is optimized with the Yoast SEO plugin v26.4 - https:\/\/yoast.com\/wordpress\/plugins\/seo\/ -->\n<title>Embutidos Artesanos\u200b - Carnicer\u00eda Macoca<\/title>\n<meta name=\"robots\" content=\"index, follow, max-snippet:-1, max-image-preview:large, max-video-preview:-1\" \/>\n<link rel=\"canonical\" href=\"https:\/\/carniceriamacoca.com\/en\/embutidos-artesanos\/\" \/>\n<meta property=\"og:locale\" content=\"en_GB\" \/>\n<meta property=\"og:type\" content=\"article\" \/>\n<meta property=\"og:title\" content=\"Embutidos Artesanos\u200b - Carnicer\u00eda Macoca\" \/>\n<meta property=\"og:description\" content=\"EMbutido Chorizo Ib\u00e9rico Nuestro chorizo ib\u00e9rico es un manjar elaborado de manera artesanal, siguiendo las recetas m\u00e1s tradicionales para garantizar un sabor aut\u00e9ntico. Hecho con carne de cerdo ib\u00e9rico de la m\u00e1s alta calidad, especiado con piment\u00f3n, ajo y otras hierbas naturales, nuestro chorizo tiene un equilibrio perfecto entre su sabor suave y picante, con [&hellip;]\" \/>\n<meta property=\"og:url\" content=\"https:\/\/carniceriamacoca.com\/en\/embutidos-artesanos\/\" \/>\n<meta property=\"og:site_name\" content=\"Carnicer\u00eda Macoca\" \/>\n<meta property=\"article:modified_time\" content=\"2025-03-21T17:03:51+00:00\" \/>\n<meta property=\"og:image\" content=\"https:\/\/carniceriamacoca.com\/wp-content\/uploads\/2025\/03\/2830-1024x666.jpg\" \/>\n<meta name=\"twitter:card\" content=\"summary_large_image\" \/>\n<meta name=\"twitter:label1\" content=\"Estimated reading time\" \/>\n\t<meta name=\"twitter:data1\" content=\"3 minutes\" \/>\n<script type=\"application\/ld+json\" class=\"yoast-schema-graph\">{\"@context\":\"https:\/\/schema.org\",\"@graph\":[{\"@type\":\"WebPage\",\"@id\":\"https:\/\/carniceriamacoca.com\/embutidos-artesanos\/\",\"url\":\"https:\/\/carniceriamacoca.com\/embutidos-artesanos\/\",\"name\":\"Embutidos Artesanos\u200b - Carnicer\u00eda Macoca\",\"isPartOf\":{\"@id\":\"https:\/\/carniceriamacoca.com\/#website\"},\"primaryImageOfPage\":{\"@id\":\"https:\/\/carniceriamacoca.com\/embutidos-artesanos\/#primaryimage\"},\"image\":{\"@id\":\"https:\/\/carniceriamacoca.com\/embutidos-artesanos\/#primaryimage\"},\"thumbnailUrl\":\"https:\/\/carniceriamacoca.com\/wp-content\/uploads\/2025\/03\/2830-1024x666.jpg\",\"datePublished\":\"2025-03-21T10:02:48+00:00\",\"dateModified\":\"2025-03-21T17:03:51+00:00\",\"breadcrumb\":{\"@id\":\"https:\/\/carniceriamacoca.com\/embutidos-artesanos\/#breadcrumb\"},\"inLanguage\":\"en-GB\",\"potentialAction\":[{\"@type\":\"ReadAction\",\"target\":[\"https:\/\/carniceriamacoca.com\/embutidos-artesanos\/\"]}]},{\"@type\":\"ImageObject\",\"inLanguage\":\"en-GB\",\"@id\":\"https:\/\/carniceriamacoca.com\/embutidos-artesanos\/#primaryimage\",\"url\":\"https:\/\/carniceriamacoca.com\/wp-content\/uploads\/2025\/03\/2830-1024x666.jpg\",\"contentUrl\":\"https:\/\/carniceriamacoca.com\/wp-content\/uploads\/2025\/03\/2830-1024x666.jpg\"},{\"@type\":\"BreadcrumbList\",\"@id\":\"https:\/\/carniceriamacoca.com\/embutidos-artesanos\/#breadcrumb\",\"itemListElement\":[{\"@type\":\"ListItem\",\"position\":1,\"name\":\"Portada\",\"item\":\"https:\/\/carniceriamacoca.com\/\"},{\"@type\":\"ListItem\",\"position\":2,\"name\":\"Embutidos Artesanos\u200b\"}]},{\"@type\":\"WebSite\",\"@id\":\"https:\/\/carniceriamacoca.com\/#website\",\"url\":\"https:\/\/carniceriamacoca.com\/\",\"name\":\"Carnicer\u00eda Macoca\",\"description\":\"Carnicer\u00eda y charcuter\u00eda \",\"publisher\":{\"@id\":\"https:\/\/carniceriamacoca.com\/#organization\"},\"potentialAction\":[{\"@type\":\"SearchAction\",\"target\":{\"@type\":\"EntryPoint\",\"urlTemplate\":\"https:\/\/carniceriamacoca.com\/?s={search_term_string}\"},\"query-input\":{\"@type\":\"PropertyValueSpecification\",\"valueRequired\":true,\"valueName\":\"search_term_string\"}}],\"inLanguage\":\"en-GB\"},{\"@type\":\"Organization\",\"@id\":\"https:\/\/carniceriamacoca.com\/#organization\",\"name\":\"Carnicer\u00eda Macoca\",\"url\":\"https:\/\/carniceriamacoca.com\/\",\"logo\":{\"@type\":\"ImageObject\",\"inLanguage\":\"en-GB\",\"@id\":\"https:\/\/carniceriamacoca.com\/#\/schema\/logo\/image\/\",\"url\":\"https:\/\/carniceriamacoca.com\/wp-content\/uploads\/2025\/03\/cropped-Logo-carniceria-02.png\",\"contentUrl\":\"https:\/\/carniceriamacoca.com\/wp-content\/uploads\/2025\/03\/cropped-Logo-carniceria-02.png\",\"width\":1558,\"height\":1440,\"caption\":\"Carnicer\u00eda Macoca \"},\"image\":{\"@id\":\"https:\/\/carniceriamacoca.com\/#\/schema\/logo\/image\/\"}}]}<\/script>\n<!-- \/ Yoast SEO plugin. -->","yoast_head_json":{"title":"Embutidos Artesanos\u200b - Carnicer\u00eda Macoca","robots":{"index":"index","follow":"follow","max-snippet":"max-snippet:-1","max-image-preview":"max-image-preview:large","max-video-preview":"max-video-preview:-1"},"canonical":"https:\/\/carniceriamacoca.com\/en\/embutidos-artesanos\/","og_locale":"en_GB","og_type":"article","og_title":"Embutidos Artesanos\u200b - Carnicer\u00eda Macoca","og_description":"EMbutido Chorizo Ib\u00e9rico Nuestro chorizo ib\u00e9rico es un manjar elaborado de manera artesanal, siguiendo las recetas m\u00e1s tradicionales para garantizar un sabor aut\u00e9ntico. Hecho con carne de cerdo ib\u00e9rico de la m\u00e1s alta calidad, especiado con piment\u00f3n, ajo y otras hierbas naturales, nuestro chorizo tiene un equilibrio perfecto entre su sabor suave y picante, con [&hellip;]","og_url":"https:\/\/carniceriamacoca.com\/en\/embutidos-artesanos\/","og_site_name":"Carnicer\u00eda Macoca","article_modified_time":"2025-03-21T17:03:51+00:00","og_image":[{"url":"https:\/\/carniceriamacoca.com\/wp-content\/uploads\/2025\/03\/2830-1024x666.jpg","type":"","width":"","height":""}],"twitter_card":"summary_large_image","twitter_misc":{"Estimated reading time":"3 minutes"},"schema":{"@context":"https:\/\/schema.org","@graph":[{"@type":"WebPage","@id":"https:\/\/carniceriamacoca.com\/embutidos-artesanos\/","url":"https:\/\/carniceriamacoca.com\/embutidos-artesanos\/","name":"Embutidos Artesanos\u200b - Carnicer\u00eda Macoca","isPartOf":{"@id":"https:\/\/carniceriamacoca.com\/#website"},"primaryImageOfPage":{"@id":"https:\/\/carniceriamacoca.com\/embutidos-artesanos\/#primaryimage"},"image":{"@id":"https:\/\/carniceriamacoca.com\/embutidos-artesanos\/#primaryimage"},"thumbnailUrl":"https:\/\/carniceriamacoca.com\/wp-content\/uploads\/2025\/03\/2830-1024x666.jpg","datePublished":"2025-03-21T10:02:48+00:00","dateModified":"2025-03-21T17:03:51+00:00","breadcrumb":{"@id":"https:\/\/carniceriamacoca.com\/embutidos-artesanos\/#breadcrumb"},"inLanguage":"en-GB","potentialAction":[{"@type":"ReadAction","target":["https:\/\/carniceriamacoca.com\/embutidos-artesanos\/"]}]},{"@type":"ImageObject","inLanguage":"en-GB","@id":"https:\/\/carniceriamacoca.com\/embutidos-artesanos\/#primaryimage","url":"https:\/\/carniceriamacoca.com\/wp-content\/uploads\/2025\/03\/2830-1024x666.jpg","contentUrl":"https:\/\/carniceriamacoca.com\/wp-content\/uploads\/2025\/03\/2830-1024x666.jpg"},{"@type":"BreadcrumbList","@id":"https:\/\/carniceriamacoca.com\/embutidos-artesanos\/#breadcrumb","itemListElement":[{"@type":"ListItem","position":1,"name":"Portada","item":"https:\/\/carniceriamacoca.com\/"},{"@type":"ListItem","position":2,"name":"Embutidos Artesanos\u200b"}]},{"@type":"WebSite","@id":"https:\/\/carniceriamacoca.com\/#website","url":"https:\/\/carniceriamacoca.com\/","name":"Carnicer\u00eda Macoca","description":"Carnicer\u00eda y charcuter\u00eda","publisher":{"@id":"https:\/\/carniceriamacoca.com\/#organization"},"potentialAction":[{"@type":"SearchAction","target":{"@type":"EntryPoint","urlTemplate":"https:\/\/carniceriamacoca.com\/?s={search_term_string}"},"query-input":{"@type":"PropertyValueSpecification","valueRequired":true,"valueName":"search_term_string"}}],"inLanguage":"en-GB"},{"@type":"Organization","@id":"https:\/\/carniceriamacoca.com\/#organization","name":"Carnicer\u00eda Macoca","url":"https:\/\/carniceriamacoca.com\/","logo":{"@type":"ImageObject","inLanguage":"en-GB","@id":"https:\/\/carniceriamacoca.com\/#\/schema\/logo\/image\/","url":"https:\/\/carniceriamacoca.com\/wp-content\/uploads\/2025\/03\/cropped-Logo-carniceria-02.png","contentUrl":"https:\/\/carniceriamacoca.com\/wp-content\/uploads\/2025\/03\/cropped-Logo-carniceria-02.png","width":1558,"height":1440,"caption":"Carnicer\u00eda Macoca "},"image":{"@id":"https:\/\/carniceriamacoca.com\/#\/schema\/logo\/image\/"}}]}},"_links":{"self":[{"href":"https:\/\/carniceriamacoca.com\/en\/wp-json\/wp\/v2\/pages\/373","targetHints":{"allow":["GET"]}}],"collection":[{"href":"https:\/\/carniceriamacoca.com\/en\/wp-json\/wp\/v2\/pages"}],"about":[{"href":"https:\/\/carniceriamacoca.com\/en\/wp-json\/wp\/v2\/types\/page"}],"author":[{"embeddable":true,"href":"https:\/\/carniceriamacoca.com\/en\/wp-json\/wp\/v2\/users\/1"}],"replies":[{"embeddable":true,"href":"https:\/\/carniceriamacoca.com\/en\/wp-json\/wp\/v2\/comments?post=373"}],"version-history":[{"count":34,"href":"https:\/\/carniceriamacoca.com\/en\/wp-json\/wp\/v2\/pages\/373\/revisions"}],"predecessor-version":[{"id":958,"href":"https:\/\/carniceriamacoca.com\/en\/wp-json\/wp\/v2\/pages\/373\/revisions\/958"}],"wp:attachment":[{"href":"https:\/\/carniceriamacoca.com\/en\/wp-json\/wp\/v2\/media?parent=373"}],"curies":[{"name":"wp","href":"https:\/\/api.w.org\/{rel}","templated":true}]}}